{"id":1541,"date":"2024-03-30T19:08:44","date_gmt":"2024-03-30T18:08:44","guid":{"rendered":"https:\/\/viibe.co\/general-terms-and-conditions_cathy\/"},"modified":"2024-07-30T11:02:16","modified_gmt":"2024-07-30T09:02:16","slug":"termes-et-conditions","status":"publish","type":"page","link":"https:\/\/viibe.co\/fr\/terms-and-conditions\/","title":{"rendered":"Conditions g\u00e9n\u00e9rales d\u2019utilisation"},"content":{"rendered":"<div data-elementor-type=\"wp-page\" data-elementor-id=\"1541\" class=\"elementor elementor-1541\" data-elementor-post-type=\"page\">\n\t\t\t\t<div class=\"elementor-element elementor-element-76f9d83 e-flex e-con-boxed e-con e-parent\" data-id=\"76f9d83\" data-element_type=\"container\" data-e-type=\"container\" data-settings=\"{&quot;background_background&quot;:&quot;classic&quot;}\">\n\t\t\t\t\t<div class=\"e-con-inner\">\n\t\t\t\t<div class=\"elementor-element elementor-element-5ef6924 elementor-widget elementor-widget-heading\" data-id=\"5ef6924\" data-element_type=\"widget\" data-e-type=\"widget\" data-widget_type=\"heading.default\">\n\t\t\t\t<div class=\"elementor-widget-container\">\n\t\t\t\t\t<h1 class=\"elementor-heading-title elementor-size-default\">Conditions g\u00e9n\u00e9rales d\u2019utilisation.<\/h1>\t\t\t\t<\/div>\n\t\t\t\t<\/div>\n\t\t<div class=\"elementor-element elementor-element-0c3b5ee e-con-full e-flex e-con e-child\" data-id=\"0c3b5ee\" data-element_type=\"container\" data-e-type=\"container\" data-settings=\"{&quot;background_background&quot;:&quot;classic&quot;}\">\n\t\t\t\t<div class=\"elementor-element elementor-element-5496f8f4 elementor-widget elementor-widget-text-editor\" data-id=\"5496f8f4\" data-element_type=\"widget\" data-e-type=\"widget\" data-widget_type=\"text-editor.default\">\n\t\t\t\t<div class=\"elementor-widget-container\">\n\t\t\t\t\t\t\t\t\t<p>Bienvenue sur le Site Internet de VIIBE : viibe.co\u00a0<\/p><p>Les pr\u00e9sentes Conditions G\u00e9n\u00e9rales d\u2019Utilisation r\u00e9gissent l\u2019utilisation du Site Internet de VIIBE (ci-apr\u00e8s \u00ab le Site \u00bb).<\/p><p>Les mentions qui suivent s\u2019appliquent \u00e0 tout internaute (ci-apr\u00e8s \u00ab l\u2019Utilisateur \u00bb) visitant ce site.<\/p><p>Le Site est la propri\u00e9t\u00e9 de la soci\u00e9t\u00e9 PRAXEDO. Il est mis \u00e0 votre disposition \u00e0 titre informatif.<\/p><p>La soci\u00e9t\u00e9 PRAXEDO SARL (\u00ab PRAXEDO \u00bb) offre un service permettant aux Utilisateurs de visualiser et de r\u00e9agir aux contenus propos\u00e9s sur son site (ci-apr\u00e8s \u00ab les Services \u00bb).\u00a0<\/p><p>En visitant notre Site vous acceptez les pr\u00e9sentes Conditions G\u00e9n\u00e9rales d\u2019Utilisation et vous reconnaissez avoir pris connaissance de notre Politique de protection des donn\u00e9es personnelles disponible\u00a0<a href=\"https:\/\/viibe.co\/fr\/politique-de-confidentialite\/\">ICI<\/a>\u00a0ainsi que notre Notice relative aux cookies disponible\u00a0<a href=\"https:\/\/viibe.co\/fr\/parametres-des-cookies\/\">ICI<\/a>.<\/p><p>Pour toute demande relative \u00e0 votre utilisation du Site, vous pouvez nous contacter \u00e0 l\u2019adresse suivante :\u00a0<a href=\"mailto:contact@viibe.co\">contact@viibe.co<\/a><\/p><p>Le Site est \u00e9dit\u00e9 par PRAXEDO, Soci\u00e9t\u00e9 \u00e0 responsabilit\u00e9 limit\u00e9e (SARL) au capital de 1.000.000 euros, dont le si\u00e8ge social est situ\u00e9 au 28, rue de Mogador \u2013 75009, immatricul\u00e9e au registre du commerce et des soci\u00e9t\u00e9s sous le num\u00e9ro B 479 788 689, T\u00e9l\u00e9phone : +33 (0)1.40.33.79.79 ; N\u00b0 de TVA intracommunautaire : FR54479788689<\/p><p>Le site web est h\u00e9berg\u00e9 par Bluehost Inc. Adresse 5335 Gate Parkway, Jacksonville, FL 32256, USA<br \/><strong>T\u00e9l\u00e9phone :<\/strong> +1 888-401-4678<br \/><strong>Adresse email :<\/strong> <a rel=\"noreferrer\">support@bluehost.com<\/a><\/p><p>\u00a0<\/p><p><strong>ARTICLE 1 : CAPACIT\u00c9\u00a0<\/strong><\/p><p>L\u2019Utilisateur atteste disposer du pouvoir, de l\u2019autorit\u00e9 et de la capacit\u00e9 n\u00e9cessaires au respect des pr\u00e9sentes Conditions G\u00e9n\u00e9rales d\u2019Utilisation.<\/p><p>\u00a0<\/p><p><strong>ARTICLE 2 : OBJET<\/strong><\/p><p>Les Conditions G\u00e9n\u00e9rales d\u2019Utilisation ont pour objet de d\u00e9finir les conditions dans lesquelles VIIBE fournit le service \u00e0 l\u2019Utilisateur et les obligations de l\u2019Utilisateur lorsqu\u2019il utilise le Site.<\/p><p>\u00a0<\/p><p><strong>ARTICLE 3 : ACCEPTATION DES CONDITIONS G\u00c9N\u00c9RALES D\u2019UTILISATION<\/strong><\/p><p>En acc\u00e9dant au Site et en parcourant les pages web associ\u00e9es, l\u2019Utilisateur accepte sans r\u00e9serve les pr\u00e9sentes Conditions G\u00e9n\u00e9rales d\u2019Utilisation et accepte d\u2019\u00eatre li\u00e9 par ces derni\u00e8res.<\/p><p>L\u2019acceptation des Conditions G\u00e9n\u00e9rales d\u2019Utilisation est n\u00e9cessaire pour l\u2019utilisation du Site et des Services qui y sont propos\u00e9s \u00e0 l\u2019Utilisateur.<\/p><p>\u00a0<\/p><p><strong>ARTICLE 4 MODIFICATION DES CONDITIONS G\u00c9N\u00c9RALES D\u2019UTILISATION<\/strong><\/p><p>VIIBE peut r\u00e9viser \u00e0 tout moment les pr\u00e9sentes Conditions G\u00e9n\u00e9rales d\u2019Utilisation.<\/p><p>Les Conditions G\u00e9n\u00e9rales d\u2019Utilisation en vigueur seront celles correspondant \u00e0 la version la plus r\u00e9cente mise en ligne.\u00a0<\/p><p>L\u2019Utilisateur accepte toute r\u00e9vision et par cons\u00e9quent, VIIBE invite l\u2019Utilisateur \u00e0 consulter r\u00e9guli\u00e8rement la pr\u00e9sente page du Site pour s\u2019informer des Conditions G\u00e9n\u00e9rales d\u2019Utilisation applicables.<\/p><p>Si l\u2019Utilisateur n\u2019approuve pas les Conditions G\u00e9n\u00e9rales d\u2019Utilisation modifi\u00e9es ou compl\u00e9t\u00e9es, il a pour seule possibilit\u00e9 de ne plus acc\u00e9der et de ne plus utiliser le Site.<\/p><p>\u00a0<\/p><p><strong>ARTICLE 5 : SANCTION DU NON-RESPECT DES CONDITIONS G\u00c9N\u00c9RALES D\u2019UTILISATION<\/strong><\/p><p>Le non-respect des Conditions G\u00e9n\u00e9rales d\u2019Utilisation ou de toute autre condition figurant sur le Site met automatiquement fin sans pr\u00e9avis \u00e0 tout droit qui vous est accord\u00e9<\/p><p>\u00a0<\/p><p><strong>ARTICLE 6 : PROPRI\u00c9T\u00c9 INTELLECTUELLE<\/strong><\/p><p>Le Site contient des mentions de propri\u00e9t\u00e9 ainsi que des informations de copyright, dont il convient d\u2019observer et de respecter les termes.\u00a0<\/p><p>L\u2019ensemble du contenu du Site, y compris des Services d\u00e9di\u00e9s (structure, textes, documents, \u00e9l\u00e9ments graphiques, logiciels, etc.) est la propri\u00e9t\u00e9 exclusive de VIIBE ou de ses prestataires ou fait l\u2019objet d\u2019une autorisation d\u2019utilisation et est prot\u00e9g\u00e9 au titre de la l\u00e9gislation fran\u00e7aise, notamment en mati\u00e8re de droit de la propri\u00e9t\u00e9 intellectuelle.<\/p><p>Les logos, signes distinctifs de VIIBE, sont prot\u00e9g\u00e9s au titre du droit des marques.<\/p><p>VIIBE conc\u00e8de une autorisation limit\u00e9e non transf\u00e9rable et non exclusive permettant \u00e0 l\u2019Utilisateur d\u2019acc\u00e9der aux pages Web de ce site en tant que client ou client potentiel de VIIBE \u00e0 condition que l\u2019utilisation qui en est faite se conforme aux pr\u00e9sentes Conditions.<\/p><p>VIIBE n\u2019accorde en revanche \u00e0 l\u2019Utilisateur aucun droit ni aucune licence explicite ou implicite en relation avec des brevets, des marques, des droits d\u2019auteur ou autres droits de propri\u00e9t\u00e9 ou droits de propri\u00e9t\u00e9 intellectuelle.<\/p><p>\u00a0L\u2019Utilisateur n\u2019est pas autoris\u00e9 \u00e0 cr\u00e9er des copies miroir du contenu figurant sur le Site, sur un autre site Web li\u00e9 \u00e0 VIIBE ou sur tout autre support.<\/p><p>\u00a0<\/p><p><strong>ARTICLE 7 : LIENS VERS D\u2019AUTRES SITES<\/strong><\/p><p>Afin de faciliter l\u2019acc\u00e8s \u00e0 d\u2019autres sites susceptibles d\u2019apporter un compl\u00e9ment d\u2019information, VIIBE est susceptible d\u2019ins\u00e9rer un certain nombre de liens dans son Site, y compris au titre des Services d\u00e9di\u00e9s.<\/p><p>N\u00e9anmoins, la responsabilit\u00e9 de VIIBE ne saurait \u00eatre engag\u00e9e au titre d\u2019un site tiers auquel l\u2019Utilisateur aurait eu acc\u00e8s depuis lesdits liens.\u00a0<\/p><p>\u00a0<\/p><p><strong>ARTICLE 8 : DISPONIBILIT\u00c9<\/strong><\/p><p>VIIBE ne garantit pas \u00e0 l\u2019Utilisateur que l\u2019acc\u00e8s au Site, y compris aux Services d\u00e9di\u00e9s sera ininterrompu et exempt de virus ou de tout autre composant nuisible ind\u00e9pendant de sa volont\u00e9.<\/p><p>VIIBE peut, \u00e0 tout moment, sans pr\u00e9avis et \u00e0 sa seule discr\u00e9tion, suspendre ou annuler l\u2019acc\u00e8s de l\u2019Utilisateur \u00e0 tout ou partie du Site ou de ses fonctionnalit\u00e9s, y compris celles des Services d\u00e9di\u00e9s.<\/p><p>\u00a0<\/p><p><strong>ARTICLE 9 : LIMITATION DE RESPONSABILIT\u00c9<\/strong><\/p><p>Sous r\u00e9serve des dispositions l\u00e9gales en vigueur, PRAXEDO ne peut \u00eatre tenu pour responsable envers un Utilisateur ou tout autre tiers des dommages ou pr\u00e9judices directs et indirects, accessoires, sp\u00e9ciaux, \u00e0 titre d\u2019exemple, \u00e0 caract\u00e8re r\u00e9pressif, ou autres, quelles qu\u2019en soient la cause, la nature ou les cons\u00e9quences, y compris, sans limitation, la perte de revenus, la perte d\u2019activit\u00e9, la perte de b\u00e9n\u00e9fices, la perte financi\u00e8re, la perte de contrats ou d\u2019opportunit\u00e9s, la perte de donn\u00e9es ou de programmes, la perte d\u2019utilisation ou la perte d\u2019\u00e9conomies, l\u2019infection par des virus, la perte d\u2019utilisation de l\u2019\u00e9quipement informatique de l\u2019Utilisateur, et de fa\u00e7on non limitative, de tout pr\u00e9judice financier ou commercial, interruption d\u2019activit\u00e9, r\u00e9sultant directement et\/ou indirectement, de ce Site ou de l\u2019usage de ce Site ou d\u2019autres sites ou ressources qui lui sont li\u00e9s, qui sont r\u00e9f\u00e9renc\u00e9s par lui ou accessibles par son interm\u00e9diaire, ou r\u00e9sultant directement ou indirectement, de l\u2019utilisation, du t\u00e9l\u00e9chargement ou de toute autre forme d\u2019acc\u00e8s \u00e0 des documents, informations, produits ou services, et ce, m\u00eame si VIIBE a eu connaissance de la possibilit\u00e9 de survenance de tels dommages.<\/p><p>La pr\u00e9sente clause de non-responsabilit\u00e9 s\u2019applique \u00e0 tout fondement d\u2019action en justice, qu\u2019il soit d\u2019ordre contractuel ou d\u00e9lictuel ou porte sur le droit des garanties ou toute autre base juridique.<\/p><p>\u00a0<\/p><p><strong>ARTICLE 10 : LOI APPLICABLE ET ATTRIBUTION DE JURIDICTION<\/strong><\/p><p>10.1 Les pr\u00e9sentes Conditions G\u00e9n\u00e9rales d\u2019Utilisation sont r\u00e9gies par le Droit fran\u00e7ais et interpr\u00e9t\u00e9es conform\u00e9ment \u00e0 celui-ci.<\/p><p>10.2 En cas de litige sur l\u2019ex\u00e9cution, l\u2019existence, la r\u00e9siliation, la validit\u00e9 ou l\u2019interpr\u00e9tation des pr\u00e9sentes Conditions G\u00e9n\u00e9rales d\u2019Utilisation, VIIBE et l\u2019Utilisateur tenteront de r\u00e9soudre amiablement tout litige relatif aux Conditions G\u00e9n\u00e9rales d\u2019Utilisation sous 90 jours suivant r\u00e9ception de la premi\u00e8re notification \u00e9crite du litige par la partie la plus diligente \u00e0 l\u2019autre partie.\u00a0<\/p><p>Tout litige que VIIBE et l\u2019Utilisateur n\u2019auraient pas r\u00e9solu amiablement dans les conditions qui pr\u00e9c\u00e8dent sera soumis aux tribunaux comp\u00e9tents de Paris (France) auquel il est fait attribution exclusive de comp\u00e9tence, m\u00eame en cas de pluralit\u00e9 de d\u00e9fendeurs ou d\u2019appel en garantie.<\/p><p>\u00a0<\/p><p><strong>ARTICLE 11. : NULLIT\u00c9 PARTIELLE<\/strong><\/p><p>Si une ou plusieurs stipulations des pr\u00e9sentes sont tenues pour non valides ou d\u00e9clar\u00e9es comme telles en application d\u2019une loi, d\u2019un r\u00e8glement ou d\u2019une d\u00e9cision irr\u00e9vocable d\u2019une juridiction comp\u00e9tente, les autres stipulations garderont toute leur force et toute leur port\u00e9e.<\/p><p><!-- \/wp:paragraph --><\/p>\t\t\t\t\t\t\t\t<\/div>\n\t\t\t\t<\/div>\n\t\t\t\t<\/div>\n\t\t\t\t\t<\/div>\n\t\t\t\t<\/div>\n\t\t\t\t<\/div>","protected":false},"excerpt":{"rendered":"<p>General Terms and Conditions. Welcome to the Viibe website: viibe.co\u00a0 These Terms and Conditions govern the use of the Viibe website. The clauses below apply to any Internet user (hereinafter, the \u201cUser\u201d) visiting the Website. The Website is the property of PRAXEDO. It is made available to you for information purposes. The company PRAXEDO SARL [&hellip;]<\/p>\n","protected":false},"author":537,"featured_media":0,"parent":0,"menu_order":15,"comment_status":"closed","ping_status":"closed","template":"elementor_header_footer","meta":{"footnotes":""},"class_list":["post-1541","page","type-page","status-publish","hentry"],"_links":{"self":[{"href":"https:\/\/viibe.co\/fr\/wp-json\/wp\/v2\/pages\/1541","targetHints":{"allow":["GET"]}}],"collection":[{"href":"https:\/\/viibe.co\/fr\/wp-json\/wp\/v2\/pages"}],"about":[{"href":"https:\/\/viibe.co\/fr\/wp-json\/wp\/v2\/types\/page"}],"author":[{"embeddable":true,"href":"https:\/\/viibe.co\/fr\/wp-json\/wp\/v2\/users\/537"}],"replies":[{"embeddable":true,"href":"https:\/\/viibe.co\/fr\/wp-json\/wp\/v2\/comments?post=1541"}],"version-history":[{"count":5,"href":"https:\/\/viibe.co\/fr\/wp-json\/wp\/v2\/pages\/1541\/revisions"}],"predecessor-version":[{"id":16936,"href":"https:\/\/viibe.co\/fr\/wp-json\/wp\/v2\/pages\/1541\/revisions\/16936"}],"wp:attachment":[{"href":"https:\/\/viibe.co\/fr\/wp-json\/wp\/v2\/media?parent=1541"}],"curies":[{"name":"wp","href":"https:\/\/api.w.org\/{rel}","templated":true}]}}