{"id":14066,"date":"2024-04-30T11:23:46","date_gmt":"2024-04-30T09:23:46","guid":{"rendered":"https:\/\/viibe.co\/?page_id=14066"},"modified":"2025-09-15T14:11:42","modified_gmt":"2025-09-15T12:11:42","slug":"rapport-incident","status":"publish","type":"page","link":"https:\/\/viibe.co\/fr\/viibe-video-report\/","title":{"rendered":"Rapport d'incident"},"content":{"rendered":"<div data-elementor-type=\"wp-page\" data-elementor-id=\"14066\" class=\"elementor elementor-14066\" data-elementor-post-type=\"page\">\n\t\t\t\t<div class=\"elementor-element elementor-element-2e516fa e-con-full e-flex e-con e-parent\" data-id=\"2e516fa\" data-element_type=\"container\" data-e-type=\"container\" data-settings=\"{&quot;background_background&quot;:&quot;classic&quot;}\">\n\t\t\t\t<div class=\"elementor-element elementor-element-583d2c6 elementor-widget__width-initial elementor-widget elementor-widget-image\" data-id=\"583d2c6\" data-element_type=\"widget\" data-e-type=\"widget\" data-widget_type=\"image.default\">\n\t\t\t\t<div class=\"elementor-widget-container\">\n\t\t\t\t\t\t\t\t\t\t\t\t\t\t\t<img fetchpriority=\"high\" decoding=\"async\" width=\"560\" height=\"803\" src=\"https:\/\/viibe.co\/wp-content\/uploads\/2024\/05\/Mockup-ecran-dans-la-main-2.jpg\" class=\"attachment-large size-large wp-image-14526\" alt=\"\" srcset=\"https:\/\/viibe.co\/wp-content\/uploads\/2024\/05\/Mockup-ecran-dans-la-main-2.jpg 560w, https:\/\/viibe.co\/wp-content\/uploads\/2024\/05\/Mockup-ecran-dans-la-main-2-209x300.jpg 209w\" sizes=\"(max-width: 560px) 100vw, 560px\" \/>\t\t\t\t\t\t\t\t\t\t\t\t\t\t\t<\/div>\n\t\t\t\t<\/div>\n\t\t<div class=\"elementor-element elementor-element-a94216a e-flex e-con-boxed e-con e-child\" data-id=\"a94216a\" data-element_type=\"container\" data-e-type=\"container\">\n\t\t\t\t\t<div class=\"e-con-inner\">\n\t\t\t\t<div class=\"elementor-element elementor-element-97b370f elementor-widget elementor-widget-heading\" data-id=\"97b370f\" data-element_type=\"widget\" data-e-type=\"widget\" data-widget_type=\"heading.default\">\n\t\t\t\t<div class=\"elementor-widget-container\">\n\t\t\t\t\t<h1 class=\"elementor-heading-title elementor-size-default\">Rapport d'incident.<\/h1>\t\t\t\t<\/div>\n\t\t\t\t<\/div>\n\t\t\t\t<div class=\"elementor-element elementor-element-fe01e36 elementor-widget elementor-widget-text-editor\" data-id=\"fe01e36\" data-element_type=\"widget\" data-e-type=\"widget\" data-widget_type=\"text-editor.default\">\n\t\t\t\t<div class=\"elementor-widget-container\">\n\t\t\t\t\t\t\t\t\t<p>Aidez vos techniciens \u00e0 saisir en un instant les informations sur le terrain gr\u00e2ce \u00e0 la cr\u00e9ation autonome de comptes-rendus vid\u00e9os.<\/p>\t\t\t\t\t\t\t\t<\/div>\n\t\t\t\t<\/div>\n\t\t<div class=\"elementor-element elementor-element-d58e5a0 e-con-full e-flex e-con e-child\" data-id=\"d58e5a0\" data-element_type=\"container\" data-e-type=\"container\">\n\t\t\t\t<div class=\"elementor-element elementor-element-65cb6df elementor-align-left elementor-mobile-align-justify elementor-widget elementor-widget-global elementor-global-13762 elementor-widget-button\" data-id=\"65cb6df\" data-element_type=\"widget\" data-e-type=\"widget\" data-widget_type=\"button.default\">\n\t\t\t\t<div class=\"elementor-widget-container\">\n\t\t\t\t\t\t\t\t\t<div class=\"elementor-button-wrapper\">\n\t\t\t\t\t<a class=\"elementor-button elementor-button-link elementor-size-sm\" href=\"https:\/\/viibe.co\/fr\/contactez-nous\/\">\n\t\t\t\t\t\t<span class=\"elementor-button-content-wrapper\">\n\t\t\t\t\t\t\t\t\t<span class=\"elementor-button-text\">Contactez un expert<\/span>\n\t\t\t\t\t<\/span>\n\t\t\t\t\t<\/a>\n\t\t\t\t<\/div>\n\t\t\t\t\t\t\t\t<\/div>\n\t\t\t\t<\/div>\n\t\t\t\t<div class=\"elementor-element elementor-element-f698825 elementor-align-center elementor-mobile-align-justify elementor-widget elementor-widget-button\" data-id=\"f698825\" data-element_type=\"widget\" data-e-type=\"widget\" data-widget_type=\"button.default\">\n\t\t\t\t<div class=\"elementor-widget-container\">\n\t\t\t\t\t\t\t\t\t<div class=\"elementor-button-wrapper\">\n\t\t\t\t\t<a class=\"elementor-button elementor-button-link elementor-size-sm\" href=\"https:\/\/viibe.co\/fr\/demander-une-demo\/\">\n\t\t\t\t\t\t<span class=\"elementor-button-content-wrapper\">\n\t\t\t\t\t\t\t\t\t<span class=\"elementor-button-text\">Demandez une d\u00e9mo<\/span>\n\t\t\t\t\t<\/span>\n\t\t\t\t\t<\/a>\n\t\t\t\t<\/div>\n\t\t\t\t\t\t\t\t<\/div>\n\t\t\t\t<\/div>\n\t\t\t\t<\/div>\n\t\t\t\t\t<\/div>\n\t\t\t\t<\/div>\n\t\t\t\t<div class=\"elementor-element elementor-element-9cf729a elementor-widget__width-initial elementor-hidden-tablet elementor-hidden-mobile elementor-hidden-laptop elementor-widget elementor-widget-image\" data-id=\"9cf729a\" data-element_type=\"widget\" data-e-type=\"widget\" data-widget_type=\"image.default\">\n\t\t\t\t<div class=\"elementor-widget-container\">\n\t\t\t\t\t\t\t\t\t\t\t\t\t\t\t<img decoding=\"async\" width=\"779\" height=\"1024\" src=\"https:\/\/viibe.co\/wp-content\/uploads\/2024\/05\/Incident-report-779x1024.png\" class=\"attachment-large size-large wp-image-15955\" alt=\"\" srcset=\"https:\/\/viibe.co\/wp-content\/uploads\/2024\/05\/Incident-report-779x1024.png 779w, https:\/\/viibe.co\/wp-content\/uploads\/2024\/05\/Incident-report-228x300.png 228w, https:\/\/viibe.co\/wp-content\/uploads\/2024\/05\/Incident-report-768x1010.png 768w, https:\/\/viibe.co\/wp-content\/uploads\/2024\/05\/Incident-report.png 902w\" sizes=\"(max-width: 779px) 100vw, 779px\" \/>\t\t\t\t\t\t\t\t\t\t\t\t\t\t\t<\/div>\n\t\t\t\t<\/div>\n\t\t\t\t<\/div>\n\t\t<div class=\"elementor-element elementor-element-3c3bf8ac e-flex e-con-boxed e-con e-parent\" data-id=\"3c3bf8ac\" data-element_type=\"container\" data-e-type=\"container\" data-settings=\"{&quot;background_background&quot;:&quot;classic&quot;}\">\n\t\t\t\t\t<div class=\"e-con-inner\">\n\t\t<div class=\"elementor-element elementor-element-30dd93a6 e-flex e-con-boxed e-con e-child\" data-id=\"30dd93a6\" data-element_type=\"container\" data-e-type=\"container\">\n\t\t\t\t\t<div class=\"e-con-inner\">\n\t\t\t\t<div class=\"elementor-element elementor-element-90d2490 elementor-widget__width-initial elementor-widget elementor-widget-heading\" data-id=\"90d2490\" data-element_type=\"widget\" data-e-type=\"widget\" data-widget_type=\"heading.default\">\n\t\t\t\t<div class=\"elementor-widget-container\">\n\t\t\t\t\t<h2 class=\"elementor-heading-title elementor-size-default\">\u00c9quipez vos techniciens terrain, augmentez l'efficacit\u00e9 de vos experts.<\/h2>\t\t\t\t<\/div>\n\t\t\t\t<\/div>\n\t\t\t\t\t<\/div>\n\t\t\t\t<\/div>\n\t\t<div class=\"elementor-element elementor-element-2602988b e-flex e-con-boxed e-con e-child\" data-id=\"2602988b\" data-element_type=\"container\" data-e-type=\"container\">\n\t\t\t\t\t<div class=\"e-con-inner\">\n\t\t<div class=\"elementor-element elementor-element-617e248c e-con-full e-flex e-con e-child\" data-id=\"617e248c\" data-element_type=\"container\" data-e-type=\"container\">\n\t\t\t\t<div class=\"elementor-element elementor-element-245ac3ee elementor-widget-tablet__width-initial elementor-widget-mobile__width-inherit elementor-widget__width-inherit elementor-invisible elementor-widget elementor-widget-icon-box\" data-id=\"245ac3ee\" data-element_type=\"widget\" data-e-type=\"widget\" data-settings=\"{&quot;_animation&quot;:&quot;fadeInUp&quot;,&quot;_animation_delay&quot;:&quot;100&quot;}\" data-widget_type=\"icon-box.default\">\n\t\t\t\t<div class=\"elementor-widget-container\">\n\t\t\t\t\t\t\t<div class=\"elementor-icon-box-wrapper\">\n\n\t\t\t\n\t\t\t\t\t\t<div class=\"elementor-icon-box-content\">\n\n\t\t\t\t\t\t\t\t\t<h3 class=\"elementor-icon-box-title\">\n\t\t\t\t\t\t<span  >\n\t\t\t\t\t\t\tTraitez les probl\u00e8mes en temps r\u00e9el\t\t\t\t\t\t<\/span>\n\t\t\t\t\t<\/h3>\n\t\t\t\t\n\t\t\t\t\t\t\t\t\t<p class=\"elementor-icon-box-description\">\n\t\t\t\t\t\tLes techniciens terrain saisissent en temps r\u00e9el les d\u00e9tails d'un incident dans un ticket avec des informations plus pr\u00e9cises et plus compl\u00e8tes. Les rapports peuvent \u00eatre cr\u00e9\u00e9s \u00e0 tout moment de la journ\u00e9e, d\u00e8s qu'un nouveau probl\u00e8me survient.\t\t\t\t\t<\/p>\n\t\t\t\t\n\t\t\t<\/div>\n\t\t\t\n\t\t<\/div>\n\t\t\t\t\t\t<\/div>\n\t\t\t\t<\/div>\n\t\t\t\t<div class=\"elementor-element elementor-element-58377a1b elementor-widget-tablet__width-initial elementor-widget-mobile__width-inherit elementor-widget__width-inherit elementor-invisible elementor-widget elementor-widget-icon-box\" data-id=\"58377a1b\" data-element_type=\"widget\" data-e-type=\"widget\" data-settings=\"{&quot;_animation&quot;:&quot;fadeInUp&quot;,&quot;_animation_delay&quot;:&quot;100&quot;}\" data-widget_type=\"icon-box.default\">\n\t\t\t\t<div class=\"elementor-widget-container\">\n\t\t\t\t\t\t\t<div class=\"elementor-icon-box-wrapper\">\n\n\t\t\t\n\t\t\t\t\t\t<div class=\"elementor-icon-box-content\">\n\n\t\t\t\t\t\t\t\t\t<h3 class=\"elementor-icon-box-title\">\n\t\t\t\t\t\t<span  >\n\t\t\t\t\t\t\tCr\u00e9ez des rapports dans des environnements \u00e0 faible connectivit\u00e9\t\t\t\t\t\t<\/span>\n\t\t\t\t\t<\/h3>\n\t\t\t\t\n\t\t\t\t\t\t\t\t\t<p class=\"elementor-icon-box-description\">\n\t\t\t\t\t\tLes techniciens terrain n'ont pas toujours la meilleure connectivit\u00e9 sur place. Permettez leur de signaler les incidents de mani\u00e8re pr\u00e9cise et imm\u00e9diate, quels que soient les \u00e9ventuels probl\u00e8mes de connectivit\u00e9 Internet.\t\t\t\t\t<\/p>\n\t\t\t\t\n\t\t\t<\/div>\n\t\t\t\n\t\t<\/div>\n\t\t\t\t\t\t<\/div>\n\t\t\t\t<\/div>\n\t\t\t\t<\/div>\n\t\t\t\t<div class=\"elementor-element elementor-element-284b37eb elementor-widget__width-initial elementor-invisible elementor-widget elementor-widget-image\" data-id=\"284b37eb\" data-element_type=\"widget\" data-e-type=\"widget\" data-settings=\"{&quot;_animation&quot;:&quot;fadeInUp&quot;,&quot;_animation_delay&quot;:&quot;200&quot;}\" data-widget_type=\"image.default\">\n\t\t\t\t<div class=\"elementor-widget-container\">\n\t\t\t\t\t\t\t\t\t\t\t\t\t\t\t<img decoding=\"async\" width=\"501\" height=\"1024\" src=\"https:\/\/viibe.co\/wp-content\/uploads\/2024\/05\/final-interface-mobile-1-501x1024.png\" class=\"attachment-large size-large wp-image-15016\" alt=\"\" srcset=\"https:\/\/viibe.co\/wp-content\/uploads\/2024\/05\/final-interface-mobile-1-501x1024.png 501w, https:\/\/viibe.co\/wp-content\/uploads\/2024\/05\/final-interface-mobile-1-147x300.png 147w, https:\/\/viibe.co\/wp-content\/uploads\/2024\/05\/final-interface-mobile-1-768x1568.png 768w, https:\/\/viibe.co\/wp-content\/uploads\/2024\/05\/final-interface-mobile-1-752x1536.png 752w, https:\/\/viibe.co\/wp-content\/uploads\/2024\/05\/final-interface-mobile-1-1003x2048.png 1003w, https:\/\/viibe.co\/wp-content\/uploads\/2024\/05\/final-interface-mobile-1.png 1048w\" sizes=\"(max-width: 501px) 100vw, 501px\" \/>\t\t\t\t\t\t\t\t\t\t\t\t\t\t\t<\/div>\n\t\t\t\t<\/div>\n\t\t<div class=\"elementor-element elementor-element-3dbfba89 e-con-full e-flex e-con e-child\" data-id=\"3dbfba89\" data-element_type=\"container\" data-e-type=\"container\">\n\t\t\t\t<div class=\"elementor-element elementor-element-3c63769b elementor-widget-tablet__width-initial elementor-widget-mobile__width-inherit elementor-widget__width-inherit elementor-invisible elementor-widget elementor-widget-icon-box\" data-id=\"3c63769b\" data-element_type=\"widget\" data-e-type=\"widget\" data-settings=\"{&quot;_animation&quot;:&quot;fadeInUp&quot;,&quot;_animation_delay&quot;:&quot;100&quot;}\" data-widget_type=\"icon-box.default\">\n\t\t\t\t<div class=\"elementor-widget-container\">\n\t\t\t\t\t\t\t<div class=\"elementor-icon-box-wrapper\">\n\n\t\t\t\n\t\t\t\t\t\t<div class=\"elementor-icon-box-content\">\n\n\t\t\t\t\t\t\t\t\t<h3 class=\"elementor-icon-box-title\">\n\t\t\t\t\t\t<span  >\n\t\t\t\t\t\t\tAttribuez le rapport \u00e0 un expert\t\t\t\t\t\t<\/span>\n\t\t\t\t\t<\/h3>\n\t\t\t\t\n\t\t\t\t\t\t\t\t\t<p class=\"elementor-icon-box-description\">\n\t\t\t\t\t\tPartagez ou attribuez le rapport \u00e0 un expert, interne ou externe. Toutes les parties concern\u00e9es par le probl\u00e8me re\u00e7oivent les informations du ticket afin d'assurer le suivi de l'incident et d'aider \u00e0 le r\u00e9soudre.\t\t\t\t\t<\/p>\n\t\t\t\t\n\t\t\t<\/div>\n\t\t\t\n\t\t<\/div>\n\t\t\t\t\t\t<\/div>\n\t\t\t\t<\/div>\n\t\t\t\t<div class=\"elementor-element elementor-element-51cb6abe elementor-widget-tablet__width-initial elementor-widget-mobile__width-inherit elementor-widget__width-inherit elementor-invisible elementor-widget elementor-widget-icon-box\" data-id=\"51cb6abe\" data-element_type=\"widget\" data-e-type=\"widget\" data-settings=\"{&quot;_animation&quot;:&quot;fadeInUp&quot;,&quot;_animation_delay&quot;:&quot;100&quot;}\" data-widget_type=\"icon-box.default\">\n\t\t\t\t<div class=\"elementor-widget-container\">\n\t\t\t\t\t\t\t<div class=\"elementor-icon-box-wrapper\">\n\n\t\t\t\n\t\t\t\t\t\t<div class=\"elementor-icon-box-content\">\n\n\t\t\t\t\t\t\t\t\t<h3 class=\"elementor-icon-box-title\">\n\t\t\t\t\t\t<span  >\n\t\t\t\t\t\t\tEnvoyer le rapport ViiBE \u00e0 Microsoft Teams\t\t\t\t\t\t<\/span>\n\t\t\t\t\t<\/h3>\n\t\t\t\t\n\t\t\t\t\t\t\t\t\t<p class=\"elementor-icon-box-description\">\n\t\t\t\t\t\tUtilisez l'outil de conversation Microsoft Teams pour envoyer le rapport \u00e0 un expert sans changer vos habitudes d'utilisation.\t\t\t\t\t<\/p>\n\t\t\t\t\n\t\t\t<\/div>\n\t\t\t\n\t\t<\/div>\n\t\t\t\t\t\t<\/div>\n\t\t\t\t<\/div>\n\t\t\t\t<\/div>\n\t\t\t\t\t<\/div>\n\t\t\t\t<\/div>\n\t\t<div class=\"elementor-element elementor-element-374b738 e-con-full e-flex e-con e-child\" data-id=\"374b738\" data-element_type=\"container\" data-e-type=\"container\">\n\t\t\t\t<div class=\"elementor-element elementor-element-d097664 elementor-align-left elementor-mobile-align-justify elementor-widget elementor-widget-global elementor-global-13762 elementor-widget-button\" data-id=\"d097664\" data-element_type=\"widget\" data-e-type=\"widget\" data-widget_type=\"button.default\">\n\t\t\t\t<div class=\"elementor-widget-container\">\n\t\t\t\t\t\t\t\t\t<div class=\"elementor-button-wrapper\">\n\t\t\t\t\t<a class=\"elementor-button elementor-button-link elementor-size-sm\" href=\"https:\/\/viibe.co\/fr\/contactez-nous\/\">\n\t\t\t\t\t\t<span class=\"elementor-button-content-wrapper\">\n\t\t\t\t\t\t\t\t\t<span class=\"elementor-button-text\">Contactez un expert<\/span>\n\t\t\t\t\t<\/span>\n\t\t\t\t\t<\/a>\n\t\t\t\t<\/div>\n\t\t\t\t\t\t\t\t<\/div>\n\t\t\t\t<\/div>\n\t\t\t\t<div class=\"elementor-element elementor-element-b1fb8aa elementor-align-center elementor-mobile-align-justify elementor-widget elementor-widget-button\" data-id=\"b1fb8aa\" data-element_type=\"widget\" data-e-type=\"widget\" data-widget_type=\"button.default\">\n\t\t\t\t<div class=\"elementor-widget-container\">\n\t\t\t\t\t\t\t\t\t<div class=\"elementor-button-wrapper\">\n\t\t\t\t\t<a class=\"elementor-button elementor-button-link elementor-size-sm\" href=\"https:\/\/viibe.co\/fr\/demander-une-demo\/\">\n\t\t\t\t\t\t<span class=\"elementor-button-content-wrapper\">\n\t\t\t\t\t\t\t\t\t<span class=\"elementor-button-text\">Demandez une d\u00e9mo<\/span>\n\t\t\t\t\t<\/span>\n\t\t\t\t\t<\/a>\n\t\t\t\t<\/div>\n\t\t\t\t\t\t\t\t<\/div>\n\t\t\t\t<\/div>\n\t\t\t\t<\/div>\n\t\t\t\t\t<\/div>\n\t\t\t\t<\/div>\n\t\t<div class=\"elementor-element elementor-element-a8fadb6 e-flex e-con-boxed e-con e-parent\" data-id=\"a8fadb6\" data-element_type=\"container\" data-e-type=\"container\" data-settings=\"{&quot;background_background&quot;:&quot;classic&quot;}\">\n\t\t\t\t\t<div class=\"e-con-inner\">\n\t\t<div class=\"elementor-element elementor-element-4245730 e-flex e-con-boxed e-con e-child\" data-id=\"4245730\" data-element_type=\"container\" data-e-type=\"container\" data-settings=\"{&quot;background_background&quot;:&quot;classic&quot;}\">\n\t\t\t\t\t<div class=\"e-con-inner\">\n\t\t<div class=\"elementor-element elementor-element-cd16b73 e-con-full e-flex e-con e-child\" data-id=\"cd16b73\" data-element_type=\"container\" data-e-type=\"container\">\n\t\t\t\t<div class=\"elementor-element elementor-element-b5f6142 elementor-widget elementor-widget-heading\" data-id=\"b5f6142\" data-element_type=\"widget\" data-e-type=\"widget\" data-widget_type=\"heading.default\">\n\t\t\t\t<div class=\"elementor-widget-container\">\n\t\t\t\t\t<h2 class=\"elementor-heading-title elementor-size-default\">Pr\u00eat \u00e0 mettre en place la visio-assistance pour votre gestion d'interventions ?<\/h2>\t\t\t\t<\/div>\n\t\t\t\t<\/div>\n\t\t\t\t<div class=\"elementor-element elementor-element-6b418db elementor-widget elementor-widget-text-editor\" data-id=\"6b418db\" data-element_type=\"widget\" data-e-type=\"widget\" data-widget_type=\"text-editor.default\">\n\t\t\t\t<div class=\"elementor-widget-container\">\n\t\t\t\t\t\t\t\t\t<p>Contactez d\u00e8s maintenant notre \u00e9quipe pour une d\u00e9monstration compl\u00e8te de notre solution.<\/p>\t\t\t\t\t\t\t\t<\/div>\n\t\t\t\t<\/div>\n\t\t\t\t<div class=\"elementor-element elementor-element-3cc11ff elementor-align-left elementor-mobile-align-justify elementor-widget elementor-widget-global elementor-global-13771 elementor-widget-button\" data-id=\"3cc11ff\" data-element_type=\"widget\" data-e-type=\"widget\" data-widget_type=\"button.default\">\n\t\t\t\t<div class=\"elementor-widget-container\">\n\t\t\t\t\t\t\t\t\t<div class=\"elementor-button-wrapper\">\n\t\t\t\t\t<a class=\"elementor-button elementor-button-link elementor-size-sm\" href=\"https:\/\/viibe.co\/fr\/demander-une-demo\/\">\n\t\t\t\t\t\t<span class=\"elementor-button-content-wrapper\">\n\t\t\t\t\t\t\t\t\t<span class=\"elementor-button-text\">Demandez une d\u00e9mo<\/span>\n\t\t\t\t\t<\/span>\n\t\t\t\t\t<\/a>\n\t\t\t\t<\/div>\n\t\t\t\t\t\t\t\t<\/div>\n\t\t\t\t<\/div>\n\t\t\t\t<\/div>\n\t\t<div class=\"elementor-element elementor-element-bca10dc e-flex e-con-boxed e-con e-child\" data-id=\"bca10dc\" data-element_type=\"container\" data-e-type=\"container\">\n\t\t\t\t\t<div class=\"e-con-inner\">\n\t\t\t\t<div class=\"elementor-element elementor-element-53985b8 elementor-hidden-mobile elementor-widget elementor-widget-image\" data-id=\"53985b8\" data-element_type=\"widget\" data-e-type=\"widget\" data-widget_type=\"image.default\">\n\t\t\t\t<div class=\"elementor-widget-container\">\n\t\t\t\t\t\t\t\t\t\t\t\t\t\t\t<img loading=\"lazy\" decoding=\"async\" width=\"800\" height=\"738\" src=\"https:\/\/viibe.co\/wp-content\/uploads\/2024\/04\/request-a-demo-viibe.png\" class=\"attachment-large size-large wp-image-14313\" alt=\"\" srcset=\"https:\/\/viibe.co\/wp-content\/uploads\/2024\/04\/request-a-demo-viibe.png 1000w, https:\/\/viibe.co\/wp-content\/uploads\/2024\/04\/request-a-demo-viibe-300x277.png 300w, https:\/\/viibe.co\/wp-content\/uploads\/2024\/04\/request-a-demo-viibe-768x709.png 768w\" sizes=\"(max-width: 800px) 100vw, 800px\" \/>\t\t\t\t\t\t\t\t\t\t\t\t\t\t\t<\/div>\n\t\t\t\t<\/div>\n\t\t\t\t\t<\/div>\n\t\t\t\t<\/div>\n\t\t\t\t\t<\/div>\n\t\t\t\t<\/div>\n\t\t\t\t\t<\/div>\n\t\t\t\t<\/div>\n\t\t\t\t<\/div>","protected":false},"excerpt":{"rendered":"<p>ViiBE video report. Help field workers capture on-site information in an instant with autonomous report creation. Speak with an expert Request a demo Equip field workers, empower experts. Capture issues in real-time Field workers capture the real-time details of an incident inside a ticket with more accurate and complete information. Reports can be created at [&hellip;]<\/p>\n","protected":false},"author":537,"featured_media":0,"parent":0,"menu_order":0,"comment_status":"closed","ping_status":"closed","template":"","meta":{"footnotes":""},"class_list":["post-14066","page","type-page","status-publish","hentry"],"_links":{"self":[{"href":"https:\/\/viibe.co\/fr\/wp-json\/wp\/v2\/pages\/14066","targetHints":{"allow":["GET"]}}],"collection":[{"href":"https:\/\/viibe.co\/fr\/wp-json\/wp\/v2\/pages"}],"about":[{"href":"https:\/\/viibe.co\/fr\/wp-json\/wp\/v2\/types\/page"}],"author":[{"embeddable":true,"href":"https:\/\/viibe.co\/fr\/wp-json\/wp\/v2\/users\/537"}],"replies":[{"embeddable":true,"href":"https:\/\/viibe.co\/fr\/wp-json\/wp\/v2\/comments?post=14066"}],"version-history":[{"count":5,"href":"https:\/\/viibe.co\/fr\/wp-json\/wp\/v2\/pages\/14066\/revisions"}],"predecessor-version":[{"id":17122,"href":"https:\/\/viibe.co\/fr\/wp-json\/wp\/v2\/pages\/14066\/revisions\/17122"}],"wp:attachment":[{"href":"https:\/\/viibe.co\/fr\/wp-json\/wp\/v2\/media?parent=14066"}],"curies":[{"name":"wp","href":"https:\/\/api.w.org\/{rel}","templated":true}]}}