{"id":14046,"date":"2024-04-30T10:57:52","date_gmt":"2024-04-30T08:57:52","guid":{"rendered":"https:\/\/viibe.co\/?page_id=14046"},"modified":"2024-07-30T11:05:02","modified_gmt":"2024-07-30T09:05:02","slug":"mention-legale","status":"publish","type":"page","link":"https:\/\/viibe.co\/fr\/legal-notice\/","title":{"rendered":"Mentions l\u00e9gales"},"content":{"rendered":"<div data-elementor-type=\"wp-page\" data-elementor-id=\"14046\" class=\"elementor elementor-14046\" data-elementor-post-type=\"page\">\n\t\t\t\t<div class=\"elementor-element elementor-element-76f9d83 e-flex e-con-boxed e-con e-parent\" data-id=\"76f9d83\" data-element_type=\"container\" data-e-type=\"container\" data-settings=\"{&quot;background_background&quot;:&quot;classic&quot;}\">\n\t\t\t\t\t<div class=\"e-con-inner\">\n\t\t\t\t<div class=\"elementor-element elementor-element-5ef6924 elementor-widget elementor-widget-heading\" data-id=\"5ef6924\" data-element_type=\"widget\" data-e-type=\"widget\" data-widget_type=\"heading.default\">\n\t\t\t\t<div class=\"elementor-widget-container\">\n\t\t\t\t\t<h1 class=\"elementor-heading-title elementor-size-default\">Mentions l\u00e9gales.<\/h1>\t\t\t\t<\/div>\n\t\t\t\t<\/div>\n\t\t<div class=\"elementor-element elementor-element-0c3b5ee e-con-full e-flex e-con e-child\" data-id=\"0c3b5ee\" data-element_type=\"container\" data-e-type=\"container\" data-settings=\"{&quot;background_background&quot;:&quot;classic&quot;}\">\n\t\t\t\t<div class=\"elementor-element elementor-element-5496f8f4 elementor-widget elementor-widget-text-editor\" data-id=\"5496f8f4\" data-element_type=\"widget\" data-e-type=\"widget\" data-widget_type=\"text-editor.default\">\n\t\t\t\t<div class=\"elementor-widget-container\">\n\t\t\t\t\t\t\t\t\t<h3>\u00c9DITEUR<\/h3><p>Le site viibe.co est publi\u00e9 par :<\/p><ul><li aria-level=\"1\">PRAX\u00c9DO<\/li><li aria-level=\"1\">Forme juridique : Soci\u00e9t\u00e9 anonyme de droit fran\u00e7ais au capital de 1 000 000 \u20ac dont \nle si\u00e8ge social est situ\u00e9 28, Rue de Mogador - 75009 Paris, France.<\/li><li aria-level=\"1\">Capital social : 1 000 000 \u20ac<\/li><li aria-level=\"1\">Si\u00e8ge social : 28, Rue de Mogador - 75009 Paris, France<\/li><li aria-level=\"1\">N\u00b0 d'immatriculation : 479 788 689 RCS PARIS<\/li><li aria-level=\"1\">Adresse \u00e9lectronique : contact@praxedo.com ; T\u00e9l\u00e9phone : 01 4033 7979<\/li><\/ul><p>\u00a0<\/p><h3>DIRECTEUR DE LA PUBLICATION<\/h3><p>M. Jean de Froissard de Broissia est le directeur de publication du site viibe.co.<\/p><p>\u00a0<\/p><h3>H\u00c9BERGEMENT<\/h3><p>Le site web est h\u00e9berg\u00e9 par Bluehost Inc. Adresse 5335 Gate Parkway, Jacksonville, FL 32256, USA<br \/><strong>T\u00e9l\u00e9phone :<\/strong> +1 888-401-4678<br \/><strong>Adresse email :<\/strong> <a rel=\"noreferrer\">support@bluehost.com<\/a><\/p><p>\u00a0<\/p><h3>COMMENT NOUS CONTACTER<\/h3><ul><li>Par courrier \u00e9lectronique : contact@viibe.com<\/li><li>Par t\u00e9l\u00e9phone : +33 (0)1 4033 7979<\/li><li>Par courrier : 28 Rue de Mogador, 75009 Paris, France<\/li><\/ul><p><!-- \/wp:paragraph --><\/p>\t\t\t\t\t\t\t\t<\/div>\n\t\t\t\t<\/div>\n\t\t\t\t<\/div>\n\t\t\t\t\t<\/div>\n\t\t\t\t<\/div>\n\t\t\t\t<\/div>","protected":false},"excerpt":{"rendered":"<p>Legal notice. PUBLISHER The website viibe.co is published by: PRAXEDO Legal form: A French limited liability company with a share capital of \u20ac1,000,000 and registered office at 28, Rue de Mogador \u2013 75009 Paris, France. Share capital: \u20ac1,000,000 Registered office: 28, Rue de Mogador \u2013 75009 Paris, France Registration no.: 479 788\u00a0689 RCS (Trade and [&hellip;]<\/p>\n","protected":false},"author":537,"featured_media":0,"parent":0,"menu_order":15,"comment_status":"closed","ping_status":"closed","template":"elementor_header_footer","meta":{"footnotes":""},"class_list":["post-14046","page","type-page","status-publish","hentry"],"_links":{"self":[{"href":"https:\/\/viibe.co\/fr\/wp-json\/wp\/v2\/pages\/14046","targetHints":{"allow":["GET"]}}],"collection":[{"href":"https:\/\/viibe.co\/fr\/wp-json\/wp\/v2\/pages"}],"about":[{"href":"https:\/\/viibe.co\/fr\/wp-json\/wp\/v2\/types\/page"}],"author":[{"embeddable":true,"href":"https:\/\/viibe.co\/fr\/wp-json\/wp\/v2\/users\/537"}],"replies":[{"embeddable":true,"href":"https:\/\/viibe.co\/fr\/wp-json\/wp\/v2\/comments?post=14046"}],"version-history":[{"count":5,"href":"https:\/\/viibe.co\/fr\/wp-json\/wp\/v2\/pages\/14046\/revisions"}],"predecessor-version":[{"id":16942,"href":"https:\/\/viibe.co\/fr\/wp-json\/wp\/v2\/pages\/14046\/revisions\/16942"}],"wp:attachment":[{"href":"https:\/\/viibe.co\/fr\/wp-json\/wp\/v2\/media?parent=14046"}],"curies":[{"name":"wp","href":"https:\/\/api.w.org\/{rel}","templated":true}]}}