{"id":14023,"date":"2024-04-30T10:37:10","date_gmt":"2024-04-30T08:37:10","guid":{"rendered":"https:\/\/viibe.co\/?page_id=14023"},"modified":"2024-05-30T18:27:32","modified_gmt":"2024-05-30T16:27:32","slug":"integrations","status":"publish","type":"page","link":"https:\/\/viibe.co\/fr\/integrations\/","title":{"rendered":"Nos int\u00e9grations"},"content":{"rendered":"<div data-elementor-type=\"wp-page\" data-elementor-id=\"14023\" class=\"elementor elementor-14023\" data-elementor-post-type=\"page\">\n\t\t\t\t<div class=\"elementor-element elementor-element-db1bb8a e-flex e-con-boxed e-con e-parent\" data-id=\"db1bb8a\" data-element_type=\"container\" data-e-type=\"container\" data-settings=\"{&quot;background_background&quot;:&quot;classic&quot;}\">\n\t\t\t\t\t<div class=\"e-con-inner\">\n\t\t<div class=\"elementor-element elementor-element-a10b0dc e-flex e-con-boxed e-con e-child\" data-id=\"a10b0dc\" data-element_type=\"container\" data-e-type=\"container\">\n\t\t\t\t\t<div class=\"e-con-inner\">\n\t\t\t\t<div class=\"elementor-element elementor-element-15f0f8d elementor-widget elementor-widget-heading\" data-id=\"15f0f8d\" data-element_type=\"widget\" data-e-type=\"widget\" data-widget_type=\"heading.default\">\n\t\t\t\t<div class=\"elementor-widget-container\">\n\t\t\t\t\t<h1 class=\"elementor-heading-title elementor-size-default\">Nos int\u00e9grations.<\/h1>\t\t\t\t<\/div>\n\t\t\t\t<\/div>\n\t\t\t\t<div class=\"elementor-element elementor-element-24430d2 elementor-widget elementor-widget-text-editor\" data-id=\"24430d2\" data-element_type=\"widget\" data-e-type=\"widget\" data-widget_type=\"text-editor.default\">\n\t\t\t\t<div class=\"elementor-widget-container\">\n\t\t\t\t\t\t\t\t\t<p>Transformez votre fa\u00e7on de collaborer et int\u00e9grez de fa\u00e7on transparente la visio-assitance dans les flux de travail pr\u00e9existants.<\/p>\t\t\t\t\t\t\t\t<\/div>\n\t\t\t\t<\/div>\n\t\t<div class=\"elementor-element elementor-element-d48bd5c e-con-full e-flex e-con e-child\" data-id=\"d48bd5c\" data-element_type=\"container\" data-e-type=\"container\">\n\t\t\t\t<div class=\"elementor-element elementor-element-ec94ae3 elementor-align-left elementor-mobile-align-justify elementor-widget elementor-widget-global elementor-global-13762 elementor-widget-button\" data-id=\"ec94ae3\" data-element_type=\"widget\" data-e-type=\"widget\" data-widget_type=\"button.default\">\n\t\t\t\t<div class=\"elementor-widget-container\">\n\t\t\t\t\t\t\t\t\t<div class=\"elementor-button-wrapper\">\n\t\t\t\t\t<a class=\"elementor-button elementor-button-link elementor-size-sm\" href=\"https:\/\/viibe.co\/fr\/contactez-nous\/\">\n\t\t\t\t\t\t<span class=\"elementor-button-content-wrapper\">\n\t\t\t\t\t\t\t\t\t<span class=\"elementor-button-text\">Contactez un expert<\/span>\n\t\t\t\t\t<\/span>\n\t\t\t\t\t<\/a>\n\t\t\t\t<\/div>\n\t\t\t\t\t\t\t\t<\/div>\n\t\t\t\t<\/div>\n\t\t\t\t<div class=\"elementor-element elementor-element-186b0db elementor-align-center elementor-mobile-align-justify elementor-widget elementor-widget-button\" data-id=\"186b0db\" data-element_type=\"widget\" data-e-type=\"widget\" data-widget_type=\"button.default\">\n\t\t\t\t<div class=\"elementor-widget-container\">\n\t\t\t\t\t\t\t\t\t<div class=\"elementor-button-wrapper\">\n\t\t\t\t\t<a class=\"elementor-button elementor-button-link elementor-size-sm\" href=\"https:\/\/viibe.co\/fr\/demander-une-demo\/\">\n\t\t\t\t\t\t<span class=\"elementor-button-content-wrapper\">\n\t\t\t\t\t\t\t\t\t<span class=\"elementor-button-text\">Demandez une d\u00e9mo<\/span>\n\t\t\t\t\t<\/span>\n\t\t\t\t\t<\/a>\n\t\t\t\t<\/div>\n\t\t\t\t\t\t\t\t<\/div>\n\t\t\t\t<\/div>\n\t\t\t\t<\/div>\n\t\t\t\t\t<\/div>\n\t\t\t\t<\/div>\n\t\t<div class=\"elementor-element elementor-element-387ed82 elementor-hidden-mobile e-flex e-con-boxed e-con e-child\" data-id=\"387ed82\" data-element_type=\"container\" data-e-type=\"container\">\n\t\t\t\t\t<div class=\"e-con-inner\">\n\t\t\t\t<div class=\"elementor-element elementor-element-dfae744 elementor-widget__width-initial elementor-hidden-mobile elementor-widget elementor-widget-image\" data-id=\"dfae744\" data-element_type=\"widget\" data-e-type=\"widget\" data-widget_type=\"image.default\">\n\t\t\t\t<div class=\"elementor-widget-container\">\n\t\t\t\t\t\t\t\t\t\t\t\t\t\t\t<img fetchpriority=\"high\" decoding=\"async\" width=\"596\" height=\"506\" src=\"https:\/\/viibe.co\/wp-content\/uploads\/2024\/05\/header-page-contact.png\" class=\"attachment-large size-large wp-image-15928\" alt=\"\" srcset=\"https:\/\/viibe.co\/wp-content\/uploads\/2024\/05\/header-page-contact.png 596w, https:\/\/viibe.co\/wp-content\/uploads\/2024\/05\/header-page-contact-300x255.png 300w\" sizes=\"(max-width: 596px) 100vw, 596px\" \/>\t\t\t\t\t\t\t\t\t\t\t\t\t\t\t<\/div>\n\t\t\t\t<\/div>\n\t\t\t\t\t<\/div>\n\t\t\t\t<\/div>\n\t\t\t\t\t<\/div>\n\t\t\t\t<\/div>\n\t\t<div class=\"elementor-element elementor-element-8a6a651 e-flex e-con-boxed e-con e-parent\" data-id=\"8a6a651\" data-element_type=\"container\" data-e-type=\"container\" data-settings=\"{&quot;background_background&quot;:&quot;classic&quot;}\">\n\t\t\t\t\t<div class=\"e-con-inner\">\n\t\t\t\t<div class=\"elementor-element elementor-element-559e616 elementor-widget elementor-widget-heading\" data-id=\"559e616\" data-element_type=\"widget\" data-e-type=\"widget\" data-widget_type=\"heading.default\">\n\t\t\t\t<div class=\"elementor-widget-container\">\n\t\t\t\t\t<h2 class=\"elementor-heading-title elementor-size-default\">ViiBE s'int\u00e9gre facilement \u00e0 vos outils pr\u00e9f\u00e9r\u00e9s.<\/h2>\t\t\t\t<\/div>\n\t\t\t\t<\/div>\n\t\t\t\t\t<\/div>\n\t\t\t\t<\/div>\n\t\t<div class=\"elementor-element elementor-element-ccbd276 e-flex e-con-boxed e-con e-parent\" data-id=\"ccbd276\" data-element_type=\"container\" data-e-type=\"container\" data-settings=\"{&quot;background_background&quot;:&quot;classic&quot;}\">\n\t\t\t\t\t<div class=\"e-con-inner\">\n\t\t<div class=\"elementor-element elementor-element-3e14107 e-con-full e-grid e-con e-child\" data-id=\"3e14107\" data-element_type=\"container\" data-e-type=\"container\">\n\t\t<div class=\"elementor-element elementor-element-4d4bf7b e-con-full e-flex e-con e-child\" data-id=\"4d4bf7b\" data-element_type=\"container\" data-e-type=\"container\">\n\t\t\t\t<div class=\"elementor-element elementor-element-47a80a6 elementor-widget elementor-widget-image\" data-id=\"47a80a6\" data-element_type=\"widget\" data-e-type=\"widget\" data-widget_type=\"image.default\">\n\t\t\t\t<div class=\"elementor-widget-container\">\n\t\t\t\t\t\t\t\t\t\t\t\t\t\t\t<img decoding=\"async\" width=\"192\" height=\"192\" src=\"https:\/\/viibe.co\/wp-content\/uploads\/2024\/03\/Zendesk-logo-png.png\" class=\"attachment-large size-large wp-image-13423\" alt=\"\" srcset=\"https:\/\/viibe.co\/wp-content\/uploads\/2024\/03\/Zendesk-logo-png.png 192w, https:\/\/viibe.co\/wp-content\/uploads\/2024\/03\/Zendesk-logo-png-150x150.png 150w\" sizes=\"(max-width: 192px) 100vw, 192px\" \/>\t\t\t\t\t\t\t\t\t\t\t\t\t\t\t<\/div>\n\t\t\t\t<\/div>\n\t\t\t\t<div class=\"elementor-element elementor-element-63553cd elementor-widget elementor-widget-heading\" data-id=\"63553cd\" data-element_type=\"widget\" data-e-type=\"widget\" data-widget_type=\"heading.default\">\n\t\t\t\t<div class=\"elementor-widget-container\">\n\t\t\t\t\t<span class=\"elementor-heading-title elementor-size-default\">Zendesk<\/span>\t\t\t\t<\/div>\n\t\t\t\t<\/div>\n\t\t\t\t<\/div>\n\t\t<div class=\"elementor-element elementor-element-26a1e40 e-con-full e-flex e-con e-child\" data-id=\"26a1e40\" data-element_type=\"container\" data-e-type=\"container\">\n\t\t\t\t<div class=\"elementor-element elementor-element-ce0e0b1 elementor-widget elementor-widget-image\" data-id=\"ce0e0b1\" data-element_type=\"widget\" data-e-type=\"widget\" data-widget_type=\"image.default\">\n\t\t\t\t<div class=\"elementor-widget-container\">\n\t\t\t\t\t\t\t\t\t\t\t\t\t\t\t<img decoding=\"async\" width=\"512\" height=\"512\" src=\"https:\/\/viibe.co\/wp-content\/uploads\/2024\/03\/LogoPXO_Icon_White-1.png\" class=\"attachment-large size-large wp-image-13424\" alt=\"\" srcset=\"https:\/\/viibe.co\/wp-content\/uploads\/2024\/03\/LogoPXO_Icon_White-1.png 512w, https:\/\/viibe.co\/wp-content\/uploads\/2024\/03\/LogoPXO_Icon_White-1-300x300.png 300w, https:\/\/viibe.co\/wp-content\/uploads\/2024\/03\/LogoPXO_Icon_White-1-150x150.png 150w\" sizes=\"(max-width: 512px) 100vw, 512px\" \/>\t\t\t\t\t\t\t\t\t\t\t\t\t\t\t<\/div>\n\t\t\t\t<\/div>\n\t\t\t\t<div class=\"elementor-element elementor-element-f7deb63 elementor-widget elementor-widget-heading\" data-id=\"f7deb63\" data-element_type=\"widget\" data-e-type=\"widget\" data-widget_type=\"heading.default\">\n\t\t\t\t<div class=\"elementor-widget-container\">\n\t\t\t\t\t<span class=\"elementor-heading-title elementor-size-default\"><a href=\"https:\/\/viibe.co\/fr\/viibe-praxedo-integration\/\">Praxedo<\/a><\/span>\t\t\t\t<\/div>\n\t\t\t\t<\/div>\n\t\t\t\t<\/div>\n\t\t<div class=\"elementor-element elementor-element-0f71d46 e-con-full e-flex e-con e-child\" data-id=\"0f71d46\" data-element_type=\"container\" data-e-type=\"container\">\n\t\t\t\t<div class=\"elementor-element elementor-element-2ff33da elementor-widget elementor-widget-image\" data-id=\"2ff33da\" data-element_type=\"widget\" data-e-type=\"widget\" data-widget_type=\"image.default\">\n\t\t\t\t<div class=\"elementor-widget-container\">\n\t\t\t\t\t\t\t\t\t\t\t\t\t\t\t<img loading=\"lazy\" decoding=\"async\" width=\"332\" height=\"332\" src=\"https:\/\/viibe.co\/wp-content\/uploads\/2024\/03\/Sans-titre-1-11.png\" class=\"attachment-large size-large wp-image-13425\" alt=\"\" srcset=\"https:\/\/viibe.co\/wp-content\/uploads\/2024\/03\/Sans-titre-1-11.png 332w, https:\/\/viibe.co\/wp-content\/uploads\/2024\/03\/Sans-titre-1-11-300x300.png 300w, https:\/\/viibe.co\/wp-content\/uploads\/2024\/03\/Sans-titre-1-11-150x150.png 150w\" sizes=\"(max-width: 332px) 100vw, 332px\" \/>\t\t\t\t\t\t\t\t\t\t\t\t\t\t\t<\/div>\n\t\t\t\t<\/div>\n\t\t\t\t<div class=\"elementor-element elementor-element-0ddc2a5 elementor-widget elementor-widget-heading\" data-id=\"0ddc2a5\" data-element_type=\"widget\" data-e-type=\"widget\" data-widget_type=\"heading.default\">\n\t\t\t\t<div class=\"elementor-widget-container\">\n\t\t\t\t\t<span class=\"elementor-heading-title elementor-size-default\">SAP<\/span>\t\t\t\t<\/div>\n\t\t\t\t<\/div>\n\t\t\t\t<\/div>\n\t\t<div class=\"elementor-element elementor-element-d4890be e-con-full e-flex e-con e-child\" data-id=\"d4890be\" data-element_type=\"container\" data-e-type=\"container\">\n\t\t\t\t<div class=\"elementor-element elementor-element-922b389 elementor-widget elementor-widget-image\" data-id=\"922b389\" data-element_type=\"widget\" data-e-type=\"widget\" data-widget_type=\"image.default\">\n\t\t\t\t<div class=\"elementor-widget-container\">\n\t\t\t\t\t\t\t\t\t\t\t\t\t\t\t<img loading=\"lazy\" decoding=\"async\" width=\"192\" height=\"192\" src=\"https:\/\/viibe.co\/wp-content\/uploads\/2024\/03\/Salesforce.png\" class=\"attachment-large size-large wp-image-13426\" alt=\"\" srcset=\"https:\/\/viibe.co\/wp-content\/uploads\/2024\/03\/Salesforce.png 192w, https:\/\/viibe.co\/wp-content\/uploads\/2024\/03\/Salesforce-150x150.png 150w\" sizes=\"(max-width: 192px) 100vw, 192px\" \/>\t\t\t\t\t\t\t\t\t\t\t\t\t\t\t<\/div>\n\t\t\t\t<\/div>\n\t\t\t\t<div class=\"elementor-element elementor-element-5709cc2 elementor-widget elementor-widget-heading\" data-id=\"5709cc2\" data-element_type=\"widget\" data-e-type=\"widget\" data-widget_type=\"heading.default\">\n\t\t\t\t<div class=\"elementor-widget-container\">\n\t\t\t\t\t<span class=\"elementor-heading-title elementor-size-default\">Salesforce<\/span>\t\t\t\t<\/div>\n\t\t\t\t<\/div>\n\t\t\t\t<\/div>\n\t\t<div class=\"elementor-element elementor-element-f237ca6 e-con-full e-flex e-con e-child\" data-id=\"f237ca6\" data-element_type=\"container\" data-e-type=\"container\">\n\t\t\t\t<div class=\"elementor-element elementor-element-96d7966 elementor-widget elementor-widget-image\" data-id=\"96d7966\" data-element_type=\"widget\" data-e-type=\"widget\" data-widget_type=\"image.default\">\n\t\t\t\t<div class=\"elementor-widget-container\">\n\t\t\t\t\t\t\t\t\t\t\t\t\t\t\t<img loading=\"lazy\" decoding=\"async\" width=\"332\" height=\"332\" src=\"https:\/\/viibe.co\/wp-content\/uploads\/2024\/03\/Sans-titre-1-10.png\" class=\"attachment-large size-large wp-image-13427\" alt=\"\" srcset=\"https:\/\/viibe.co\/wp-content\/uploads\/2024\/03\/Sans-titre-1-10.png 332w, https:\/\/viibe.co\/wp-content\/uploads\/2024\/03\/Sans-titre-1-10-300x300.png 300w, https:\/\/viibe.co\/wp-content\/uploads\/2024\/03\/Sans-titre-1-10-150x150.png 150w\" sizes=\"(max-width: 332px) 100vw, 332px\" \/>\t\t\t\t\t\t\t\t\t\t\t\t\t\t\t<\/div>\n\t\t\t\t<\/div>\n\t\t\t\t<div class=\"elementor-element elementor-element-c8de955 elementor-widget elementor-widget-heading\" data-id=\"c8de955\" data-element_type=\"widget\" data-e-type=\"widget\" data-widget_type=\"heading.default\">\n\t\t\t\t<div class=\"elementor-widget-container\">\n\t\t\t\t\t<span class=\"elementor-heading-title elementor-size-default\">Infor<\/span>\t\t\t\t<\/div>\n\t\t\t\t<\/div>\n\t\t\t\t<\/div>\n\t\t<div class=\"elementor-element elementor-element-e874c56 e-con-full e-flex e-con e-child\" data-id=\"e874c56\" data-element_type=\"container\" data-e-type=\"container\">\n\t\t\t\t<div class=\"elementor-element elementor-element-1c265c7 elementor-widget elementor-widget-image\" data-id=\"1c265c7\" data-element_type=\"widget\" data-e-type=\"widget\" data-widget_type=\"image.default\">\n\t\t\t\t<div class=\"elementor-widget-container\">\n\t\t\t\t\t\t\t\t\t\t\t\t\t\t\t<img loading=\"lazy\" decoding=\"async\" width=\"192\" height=\"192\" src=\"https:\/\/viibe.co\/wp-content\/uploads\/2024\/03\/Screenshot-2021-09-16-at-14.38.11.png\" class=\"attachment-large size-large wp-image-13430\" alt=\"\" srcset=\"https:\/\/viibe.co\/wp-content\/uploads\/2024\/03\/Screenshot-2021-09-16-at-14.38.11.png 192w, https:\/\/viibe.co\/wp-content\/uploads\/2024\/03\/Screenshot-2021-09-16-at-14.38.11-150x150.png 150w\" sizes=\"(max-width: 192px) 100vw, 192px\" \/>\t\t\t\t\t\t\t\t\t\t\t\t\t\t\t<\/div>\n\t\t\t\t<\/div>\n\t\t\t\t<div class=\"elementor-element elementor-element-7ed9131 elementor-widget elementor-widget-heading\" data-id=\"7ed9131\" data-element_type=\"widget\" data-e-type=\"widget\" data-widget_type=\"heading.default\">\n\t\t\t\t<div class=\"elementor-widget-container\">\n\t\t\t\t\t<span class=\"elementor-heading-title elementor-size-default\">Outlook<br>E-mail<\/span>\t\t\t\t<\/div>\n\t\t\t\t<\/div>\n\t\t\t\t<\/div>\n\t\t<div class=\"elementor-element elementor-element-d369b36 e-con-full e-flex e-con e-child\" data-id=\"d369b36\" data-element_type=\"container\" data-e-type=\"container\">\n\t\t\t\t<div class=\"elementor-element elementor-element-25775b1 elementor-widget elementor-widget-image\" data-id=\"25775b1\" data-element_type=\"widget\" data-e-type=\"widget\" data-widget_type=\"image.default\">\n\t\t\t\t<div class=\"elementor-widget-container\">\n\t\t\t\t\t\t\t\t\t\t\t\t\t\t\t<img loading=\"lazy\" decoding=\"async\" width=\"800\" height=\"800\" src=\"https:\/\/viibe.co\/wp-content\/uploads\/2024\/03\/Untitled-1-03.png\" class=\"attachment-large size-large wp-image-13429\" alt=\"\" srcset=\"https:\/\/viibe.co\/wp-content\/uploads\/2024\/03\/Untitled-1-03.png 801w, https:\/\/viibe.co\/wp-content\/uploads\/2024\/03\/Untitled-1-03-300x300.png 300w, https:\/\/viibe.co\/wp-content\/uploads\/2024\/03\/Untitled-1-03-150x150.png 150w, https:\/\/viibe.co\/wp-content\/uploads\/2024\/03\/Untitled-1-03-768x768.png 768w\" sizes=\"(max-width: 800px) 100vw, 800px\" \/>\t\t\t\t\t\t\t\t\t\t\t\t\t\t\t<\/div>\n\t\t\t\t<\/div>\n\t\t\t\t<div class=\"elementor-element elementor-element-199705d elementor-widget elementor-widget-heading\" data-id=\"199705d\" data-element_type=\"widget\" data-e-type=\"widget\" data-widget_type=\"heading.default\">\n\t\t\t\t<div class=\"elementor-widget-container\">\n\t\t\t\t\t<span class=\"elementor-heading-title elementor-size-default\">IBM Maximo<\/span>\t\t\t\t<\/div>\n\t\t\t\t<\/div>\n\t\t\t\t<\/div>\n\t\t<div class=\"elementor-element elementor-element-b618351 e-con-full e-flex e-con e-child\" data-id=\"b618351\" data-element_type=\"container\" data-e-type=\"container\">\n\t\t\t\t<div class=\"elementor-element elementor-element-f7364ab elementor-widget elementor-widget-image\" data-id=\"f7364ab\" data-element_type=\"widget\" data-e-type=\"widget\" data-widget_type=\"image.default\">\n\t\t\t\t<div class=\"elementor-widget-container\">\n\t\t\t\t\t\t\t\t\t\t\t\t\t\t\t<img loading=\"lazy\" decoding=\"async\" width=\"192\" height=\"192\" src=\"https:\/\/viibe.co\/wp-content\/uploads\/2024\/03\/Dynamics.png\" class=\"attachment-large size-large wp-image-13428\" alt=\"\" srcset=\"https:\/\/viibe.co\/wp-content\/uploads\/2024\/03\/Dynamics.png 192w, https:\/\/viibe.co\/wp-content\/uploads\/2024\/03\/Dynamics-150x150.png 150w\" sizes=\"(max-width: 192px) 100vw, 192px\" \/>\t\t\t\t\t\t\t\t\t\t\t\t\t\t\t<\/div>\n\t\t\t\t<\/div>\n\t\t\t\t<div class=\"elementor-element elementor-element-bf5b0df elementor-widget elementor-widget-heading\" data-id=\"bf5b0df\" data-element_type=\"widget\" data-e-type=\"widget\" data-widget_type=\"heading.default\">\n\t\t\t\t<div class=\"elementor-widget-container\">\n\t\t\t\t\t<span class=\"elementor-heading-title elementor-size-default\">Microsoft Dynamics<\/span>\t\t\t\t<\/div>\n\t\t\t\t<\/div>\n\t\t\t\t<\/div>\n\t\t\t\t<\/div>\n\t\t\t\t\t<\/div>\n\t\t\t\t<\/div>\n\t\t<div class=\"elementor-element elementor-element-2f68587 e-flex e-con-boxed e-con e-parent\" data-id=\"2f68587\" data-element_type=\"container\" data-e-type=\"container\" data-settings=\"{&quot;background_background&quot;:&quot;classic&quot;}\">\n\t\t\t\t\t<div class=\"e-con-inner\">\n\t\t<div class=\"elementor-element elementor-element-a62d94b e-flex e-con-boxed e-con e-child\" data-id=\"a62d94b\" data-element_type=\"container\" data-e-type=\"container\" data-settings=\"{&quot;background_background&quot;:&quot;classic&quot;}\">\n\t\t\t\t\t<div class=\"e-con-inner\">\n\t\t<div class=\"elementor-element elementor-element-e070a8d e-con-full e-flex e-con e-child\" data-id=\"e070a8d\" data-element_type=\"container\" data-e-type=\"container\">\n\t\t\t\t<div class=\"elementor-element elementor-element-54d8922 elementor-widget elementor-widget-heading\" data-id=\"54d8922\" data-element_type=\"widget\" data-e-type=\"widget\" data-widget_type=\"heading.default\">\n\t\t\t\t<div class=\"elementor-widget-container\">\n\t\t\t\t\t<h2 class=\"elementor-heading-title elementor-size-default\">Pr\u00eat \u00e0 mettre en place la visio-assistance pour votre gestion d'interventions ?<\/h2>\t\t\t\t<\/div>\n\t\t\t\t<\/div>\n\t\t\t\t<div class=\"elementor-element elementor-element-e4b632a elementor-widget elementor-widget-text-editor\" data-id=\"e4b632a\" data-element_type=\"widget\" data-e-type=\"widget\" data-widget_type=\"text-editor.default\">\n\t\t\t\t<div class=\"elementor-widget-container\">\n\t\t\t\t\t\t\t\t\t<p>Contactez d\u00e8s maintenant notre \u00e9quipe pour une d\u00e9monstration compl\u00e8te de notre solution.<\/p>\t\t\t\t\t\t\t\t<\/div>\n\t\t\t\t<\/div>\n\t\t\t\t<div class=\"elementor-element elementor-element-1194034 elementor-align-left elementor-mobile-align-justify elementor-widget elementor-widget-global elementor-global-13771 elementor-widget-button\" data-id=\"1194034\" data-element_type=\"widget\" data-e-type=\"widget\" data-widget_type=\"button.default\">\n\t\t\t\t<div class=\"elementor-widget-container\">\n\t\t\t\t\t\t\t\t\t<div class=\"elementor-button-wrapper\">\n\t\t\t\t\t<a class=\"elementor-button elementor-button-link elementor-size-sm\" href=\"https:\/\/viibe.co\/fr\/demander-une-demo\/\">\n\t\t\t\t\t\t<span class=\"elementor-button-content-wrapper\">\n\t\t\t\t\t\t\t\t\t<span class=\"elementor-button-text\">Demandez une d\u00e9mo<\/span>\n\t\t\t\t\t<\/span>\n\t\t\t\t\t<\/a>\n\t\t\t\t<\/div>\n\t\t\t\t\t\t\t\t<\/div>\n\t\t\t\t<\/div>\n\t\t\t\t<\/div>\n\t\t<div class=\"elementor-element elementor-element-4400ff6 e-flex e-con-boxed e-con e-child\" data-id=\"4400ff6\" data-element_type=\"container\" data-e-type=\"container\">\n\t\t\t\t\t<div class=\"e-con-inner\">\n\t\t\t\t<div class=\"elementor-element elementor-element-6b89787 elementor-hidden-mobile elementor-widget elementor-widget-image\" data-id=\"6b89787\" data-element_type=\"widget\" data-e-type=\"widget\" data-widget_type=\"image.default\">\n\t\t\t\t<div class=\"elementor-widget-container\">\n\t\t\t\t\t\t\t\t\t\t\t\t\t\t\t<img loading=\"lazy\" decoding=\"async\" width=\"800\" height=\"738\" src=\"https:\/\/viibe.co\/wp-content\/uploads\/2024\/04\/request-a-demo-viibe.png\" class=\"attachment-large size-large wp-image-14313\" alt=\"\" srcset=\"https:\/\/viibe.co\/wp-content\/uploads\/2024\/04\/request-a-demo-viibe.png 1000w, https:\/\/viibe.co\/wp-content\/uploads\/2024\/04\/request-a-demo-viibe-300x277.png 300w, https:\/\/viibe.co\/wp-content\/uploads\/2024\/04\/request-a-demo-viibe-768x709.png 768w\" sizes=\"(max-width: 800px) 100vw, 800px\" \/>\t\t\t\t\t\t\t\t\t\t\t\t\t\t\t<\/div>\n\t\t\t\t<\/div>\n\t\t\t\t\t<\/div>\n\t\t\t\t<\/div>\n\t\t\t\t\t<\/div>\n\t\t\t\t<\/div>\n\t\t\t\t\t<\/div>\n\t\t\t\t<\/div>\n\t\t\t\t<\/div>","protected":false},"excerpt":{"rendered":"<p>Integrations. Transform the way you collaborate and seamlessly integrate visual support into pre-existing workflows. Speak with an expert Request a demo Integrate with your favorite tools. Zendesk Praxedo SAP Salesforce Infor OutlookEmail IBM Maximo Microsoft Dynamics Ready to implement remote visual support? Our team is ready to provide you with a full demo of our [&hellip;]<\/p>\n","protected":false},"author":537,"featured_media":0,"parent":0,"menu_order":0,"comment_status":"closed","ping_status":"closed","template":"","meta":{"footnotes":""},"class_list":["post-14023","page","type-page","status-publish","hentry"],"_links":{"self":[{"href":"https:\/\/viibe.co\/fr\/wp-json\/wp\/v2\/pages\/14023","targetHints":{"allow":["GET"]}}],"collection":[{"href":"https:\/\/viibe.co\/fr\/wp-json\/wp\/v2\/pages"}],"about":[{"href":"https:\/\/viibe.co\/fr\/wp-json\/wp\/v2\/types\/page"}],"author":[{"embeddable":true,"href":"https:\/\/viibe.co\/fr\/wp-json\/wp\/v2\/users\/537"}],"replies":[{"embeddable":true,"href":"https:\/\/viibe.co\/fr\/wp-json\/wp\/v2\/comments?post=14023"}],"version-history":[{"count":5,"href":"https:\/\/viibe.co\/fr\/wp-json\/wp\/v2\/pages\/14023\/revisions"}],"predecessor-version":[{"id":16637,"href":"https:\/\/viibe.co\/fr\/wp-json\/wp\/v2\/pages\/14023\/revisions\/16637"}],"wp:attachment":[{"href":"https:\/\/viibe.co\/fr\/wp-json\/wp\/v2\/media?parent=14023"}],"curies":[{"name":"wp","href":"https:\/\/api.w.org\/{rel}","templated":true}]}}