{"id":13808,"date":"2024-03-13T19:17:26","date_gmt":"2024-03-13T18:17:26","guid":{"rendered":"https:\/\/viibe.co\/?page_id=13808"},"modified":"2024-05-30T12:27:52","modified_gmt":"2024-05-30T10:27:52","slug":"a-propos","status":"publish","type":"page","link":"https:\/\/viibe.co\/fr\/about\/","title":{"rendered":"\u00c0 propos de ViiBE."},"content":{"rendered":"<div data-elementor-type=\"wp-page\" data-elementor-id=\"13808\" class=\"elementor elementor-13808\" data-elementor-post-type=\"page\">\n\t\t\t\t<div class=\"elementor-element elementor-element-d34a534 e-flex e-con-boxed e-con e-parent\" data-id=\"d34a534\" data-element_type=\"container\" data-e-type=\"container\" data-settings=\"{&quot;background_background&quot;:&quot;classic&quot;}\">\n\t\t\t\t\t<div class=\"e-con-inner\">\n\t\t<div class=\"elementor-element elementor-element-d4803bb e-con-full e-flex e-con e-child\" data-id=\"d4803bb\" data-element_type=\"container\" data-e-type=\"container\">\n\t\t\t\t<div class=\"elementor-element elementor-element-71cf551 elementor-widget elementor-widget-heading\" data-id=\"71cf551\" data-element_type=\"widget\" data-e-type=\"widget\" data-widget_type=\"heading.default\">\n\t\t\t\t<div class=\"elementor-widget-container\">\n\t\t\t\t\t<h1 class=\"elementor-heading-title elementor-size-default\">\u00c0 propos de ViiBE.<\/h1>\t\t\t\t<\/div>\n\t\t\t\t<\/div>\n\t\t\t\t<div class=\"elementor-element elementor-element-e1a136d elementor-widget elementor-widget-text-editor\" data-id=\"e1a136d\" data-element_type=\"widget\" data-e-type=\"widget\" data-widget_type=\"text-editor.default\">\n\t\t\t\t<div class=\"elementor-widget-container\">\n\t\t\t\t\t\t\t\t\t<p>Les moyens de communication traditionnels, tels que les appels t\u00e9l\u00e9phoniques et les courriers \u00e9lectroniques, ne suffisent plus \u00e0 r\u00e9soudre les probl\u00e8mes de maintenance. Le risque de perdre des donn\u00e9es importantes et l'incapacit\u00e9 de transf\u00e9rer des pi\u00e8ces jointes volumineuses peuvent entra\u00eener une insuffisance de ressources pour les entreprises lorsque leurs clients ont besoin d'aide.<\/p>\t\t\t\t\t\t\t\t<\/div>\n\t\t\t\t<\/div>\n\t\t<div class=\"elementor-element elementor-element-f53a9ac e-con-full e-flex e-con e-child\" data-id=\"f53a9ac\" data-element_type=\"container\" data-e-type=\"container\">\n\t\t\t\t<div class=\"elementor-element elementor-element-b34b974 elementor-align-left elementor-mobile-align-justify elementor-widget elementor-widget-global elementor-global-13762 elementor-widget-button\" data-id=\"b34b974\" data-element_type=\"widget\" data-e-type=\"widget\" data-widget_type=\"button.default\">\n\t\t\t\t<div class=\"elementor-widget-container\">\n\t\t\t\t\t\t\t\t\t<div class=\"elementor-button-wrapper\">\n\t\t\t\t\t<a class=\"elementor-button elementor-button-link elementor-size-sm\" href=\"https:\/\/viibe.co\/fr\/contactez-nous\/\">\n\t\t\t\t\t\t<span class=\"elementor-button-content-wrapper\">\n\t\t\t\t\t\t\t\t\t<span class=\"elementor-button-text\">Contactez un expert<\/span>\n\t\t\t\t\t<\/span>\n\t\t\t\t\t<\/a>\n\t\t\t\t<\/div>\n\t\t\t\t\t\t\t\t<\/div>\n\t\t\t\t<\/div>\n\t\t\t\t<div class=\"elementor-element elementor-element-d78340e elementor-align-center elementor-mobile-align-justify elementor-widget elementor-widget-button\" data-id=\"d78340e\" data-element_type=\"widget\" data-e-type=\"widget\" data-widget_type=\"button.default\">\n\t\t\t\t<div class=\"elementor-widget-container\">\n\t\t\t\t\t\t\t\t\t<div class=\"elementor-button-wrapper\">\n\t\t\t\t\t<a class=\"elementor-button elementor-button-link elementor-size-sm\" href=\"https:\/\/viibe.co\/fr\/demander-une-demo\/\">\n\t\t\t\t\t\t<span class=\"elementor-button-content-wrapper\">\n\t\t\t\t\t\t\t\t\t<span class=\"elementor-button-text\">Demandez une d\u00e9mo<\/span>\n\t\t\t\t\t<\/span>\n\t\t\t\t\t<\/a>\n\t\t\t\t<\/div>\n\t\t\t\t\t\t\t\t<\/div>\n\t\t\t\t<\/div>\n\t\t\t\t<\/div>\n\t\t\t\t<\/div>\n\t\t<div class=\"elementor-element elementor-element-aab5dde e-con-full e-flex e-con e-child\" data-id=\"aab5dde\" data-element_type=\"container\" data-e-type=\"container\">\n\t\t\t\t<div class=\"elementor-element elementor-element-c131366 elementor-widget__width-initial elementor-hidden-mobile elementor-widget elementor-widget-image\" data-id=\"c131366\" data-element_type=\"widget\" data-e-type=\"widget\" data-widget_type=\"image.default\">\n\t\t\t\t<div class=\"elementor-widget-container\">\n\t\t\t\t\t\t\t\t\t\t\t\t\t\t\t<img fetchpriority=\"high\" decoding=\"async\" width=\"779\" height=\"1024\" src=\"https:\/\/viibe.co\/wp-content\/uploads\/2024\/05\/Sans-titre-1-779x1024.png\" class=\"attachment-large size-large wp-image-15949\" alt=\"\" srcset=\"https:\/\/viibe.co\/wp-content\/uploads\/2024\/05\/Sans-titre-1-779x1024.png 779w, https:\/\/viibe.co\/wp-content\/uploads\/2024\/05\/Sans-titre-1-228x300.png 228w, https:\/\/viibe.co\/wp-content\/uploads\/2024\/05\/Sans-titre-1-768x1010.png 768w, https:\/\/viibe.co\/wp-content\/uploads\/2024\/05\/Sans-titre-1.png 902w\" sizes=\"(max-width: 779px) 100vw, 779px\" \/>\t\t\t\t\t\t\t\t\t\t\t\t\t\t\t<\/div>\n\t\t\t\t<\/div>\n\t\t\t\t<\/div>\n\t\t\t\t\t<\/div>\n\t\t\t\t<\/div>\n\t\t<div class=\"elementor-element elementor-element-76ba8df e-flex e-con-boxed e-con e-parent\" data-id=\"76ba8df\" data-element_type=\"container\" data-e-type=\"container\" data-settings=\"{&quot;background_background&quot;:&quot;classic&quot;}\">\n\t\t\t\t\t<div class=\"e-con-inner\">\n\t\t\t\t<div class=\"elementor-element elementor-element-aadfb95 elementor-widget elementor-widget-heading\" data-id=\"aadfb95\" data-element_type=\"widget\" data-e-type=\"widget\" data-widget_type=\"heading.default\">\n\t\t\t\t<div class=\"elementor-widget-container\">\n\t\t\t\t\t<span class=\"elementor-heading-title elementor-size-default\">Ils nous font confiance.<\/span>\t\t\t\t<\/div>\n\t\t\t\t<\/div>\n\t\t\t\t<div class=\"elementor-element elementor-element-dd17d23 elementor-widget elementor-widget-image-carousel\" data-id=\"dd17d23\" data-element_type=\"widget\" data-e-type=\"widget\" data-settings=\"{&quot;slides_to_show&quot;:&quot;5&quot;,&quot;slides_to_show_laptop&quot;:&quot;4&quot;,&quot;slides_to_show_tablet&quot;:&quot;3&quot;,&quot;slides_to_show_mobile&quot;:&quot;2&quot;,&quot;slides_to_scroll&quot;:&quot;5&quot;,&quot;slides_to_scroll_tablet&quot;:&quot;3&quot;,&quot;slides_to_scroll_mobile&quot;:&quot;2&quot;,&quot;navigation&quot;:&quot;none&quot;,&quot;image_spacing_custom&quot;:{&quot;unit&quot;:&quot;px&quot;,&quot;size&quot;:50,&quot;sizes&quot;:[]},&quot;autoplay&quot;:&quot;yes&quot;,&quot;pause_on_hover&quot;:&quot;yes&quot;,&quot;pause_on_interaction&quot;:&quot;yes&quot;,&quot;autoplay_speed&quot;:5000,&quot;infinite&quot;:&quot;yes&quot;,&quot;speed&quot;:500,&quot;image_spacing_custom_laptop&quot;:{&quot;unit&quot;:&quot;px&quot;,&quot;size&quot;:&quot;&quot;,&quot;sizes&quot;:[]},&quot;image_spacing_custom_tablet&quot;:{&quot;unit&quot;:&quot;px&quot;,&quot;size&quot;:&quot;&quot;,&quot;sizes&quot;:[]},&quot;image_spacing_custom_mobile&quot;:{&quot;unit&quot;:&quot;px&quot;,&quot;size&quot;:&quot;&quot;,&quot;sizes&quot;:[]}}\" data-widget_type=\"image-carousel.default\">\n\t\t\t\t<div class=\"elementor-widget-container\">\n\t\t\t\t\t\t\t<div class=\"elementor-image-carousel-wrapper swiper\" role=\"region\" aria-roledescription=\"carousel\" aria-label=\"Carrousel d&#039;images\" dir=\"ltr\">\n\t\t\t<div class=\"elementor-image-carousel swiper-wrapper\" aria-live=\"off\">\n\t\t\t\t\t\t\t\t<div class=\"swiper-slide\" role=\"group\" aria-roledescription=\"slide\" aria-label=\"1 de 7\"><figure class=\"swiper-slide-inner\"><img decoding=\"async\" class=\"swiper-slide-image\" src=\"https:\/\/viibe.co\/wp-content\/uploads\/2024\/04\/MTN-x-Viibe.png\" alt=\"\" \/><\/figure><\/div><div class=\"swiper-slide\" role=\"group\" aria-roledescription=\"slide\" aria-label=\"2 de 7\"><figure class=\"swiper-slide-inner\"><img decoding=\"async\" class=\"swiper-slide-image\" src=\"https:\/\/viibe.co\/wp-content\/uploads\/2024\/04\/Allianz.svg.png\" alt=\"Allianz.svg\" \/><\/figure><\/div><div class=\"swiper-slide\" role=\"group\" aria-roledescription=\"slide\" aria-label=\"3 de 7\"><figure class=\"swiper-slide-inner\"><img decoding=\"async\" class=\"swiper-slide-image\" src=\"https:\/\/viibe.co\/wp-content\/uploads\/2024\/04\/reden.png\" alt=\"\" \/><\/figure><\/div><div class=\"swiper-slide\" role=\"group\" aria-roledescription=\"slide\" aria-label=\"4 de 7\"><figure class=\"swiper-slide-inner\"><img decoding=\"async\" class=\"swiper-slide-image\" src=\"https:\/\/viibe.co\/wp-content\/uploads\/2024\/04\/Caterpillar.svg.png\" alt=\"Chenille.svg\" \/><\/figure><\/div><div class=\"swiper-slide\" role=\"group\" aria-roledescription=\"slide\" aria-label=\"5 de 7\"><figure class=\"swiper-slide-inner\"><img decoding=\"async\" class=\"swiper-slide-image\" src=\"https:\/\/viibe.co\/wp-content\/uploads\/2024\/04\/sogetrel.png\" alt=\"\" \/><\/figure><\/div><div class=\"swiper-slide\" role=\"group\" aria-roledescription=\"slide\" aria-label=\"6 de 7\"><figure class=\"swiper-slide-inner\"><img decoding=\"async\" class=\"swiper-slide-image\" src=\"https:\/\/viibe.co\/wp-content\/uploads\/2024\/04\/decathlon.png\" alt=\"d\u00e9cathlon\" \/><\/figure><\/div><div class=\"swiper-slide\" role=\"group\" aria-roledescription=\"slide\" aria-label=\"7 de 7\"><figure class=\"swiper-slide-inner\"><img decoding=\"async\" class=\"swiper-slide-image\" src=\"https:\/\/viibe.co\/wp-content\/uploads\/2024\/04\/DAIKIN.svg.png\" alt=\"DAIKIN.svg\" \/><\/figure><\/div>\t\t\t<\/div>\n\t\t\t\t\t\t\t\n\t\t\t\t\t\t\t\t\t<\/div>\n\t\t\t\t\t\t<\/div>\n\t\t\t\t<\/div>\n\t\t\t\t\t<\/div>\n\t\t\t\t<\/div>\n\t\t<div class=\"elementor-element elementor-element-da3c346 e-flex e-con-boxed e-con e-parent\" data-id=\"da3c346\" data-element_type=\"container\" data-e-type=\"container\" data-settings=\"{&quot;background_background&quot;:&quot;classic&quot;}\">\n\t\t\t\t\t<div class=\"e-con-inner\">\n\t\t<div class=\"elementor-element elementor-element-6d1f678 e-con-full shade e-flex e-con e-child\" data-id=\"6d1f678\" data-element_type=\"container\" data-e-type=\"container\" data-settings=\"{&quot;background_background&quot;:&quot;classic&quot;}\">\n\t\t\t\t<\/div>\n\t\t<div class=\"elementor-element elementor-element-e3440e4 e-con-full e-flex e-con e-child\" data-id=\"e3440e4\" data-element_type=\"container\" data-e-type=\"container\">\n\t\t\t\t<div class=\"elementor-element elementor-element-0f8117f elementor-widget elementor-widget-heading\" data-id=\"0f8117f\" data-element_type=\"widget\" data-e-type=\"widget\" data-widget_type=\"heading.default\">\n\t\t\t\t<div class=\"elementor-widget-container\">\n\t\t\t\t\t<span class=\"elementor-heading-title elementor-size-default\">Les clients attendent d'une entreprise de service une assistance personnalis\u00e9e et la proximit\u00e9 d'experts, m\u00eame lorsqu'il s'agit d'assistance \u00e0 distance. Ils souhaitent \u00e9galement que leurs probl\u00e8mes soient r\u00e9solus avec facilit\u00e9 et rapidit\u00e9.<\/span>\t\t\t\t<\/div>\n\t\t\t\t<\/div>\n\t\t\t\t<div class=\"elementor-element elementor-element-d25de51 elementor-widget elementor-widget-text-editor\" data-id=\"d25de51\" data-element_type=\"widget\" data-e-type=\"widget\" data-widget_type=\"text-editor.default\">\n\t\t\t\t<div class=\"elementor-widget-container\">\n\t\t\t\t\t\t\t\t\t<p>Au cours des derni\u00e8res ann\u00e9es, on a assist\u00e9 \u00e0 une transformation de la masse et de l'\u00e9tendue des donn\u00e9es utilis\u00e9es par les entreprises. La gestion de ces donn\u00e9es est devenue critique pour de nombreuses soci\u00e9t\u00e9s. Elles ont donc commenc\u00e9 \u00e0 chercher des solutions qui les aideraient \u00e0 constituer des syst\u00e8mes efficaces de gestion des connaissances.<\/p><p>C'est sur ce constat qu'est n\u00e9e la solution de visio-assistance  ViiBE.\n<br><br>\n\u00c0 l'origine, ViiBE a \u00e9t\u00e9 d\u00e9velopp\u00e9e comme une solution pour les centres d'appels \nm\u00e9dicaux d'urgence. Par la suite, elle s'est orient\u00e9e vers le support technique industriel \net le service apr\u00e8s-vente, avec une plateforme accessible en un seul clic, sans \nt\u00e9l\u00e9chargement, et dot\u00e9e de fonctions d\u00e9di\u00e9es pour optimiser les diagnostics \u00e0 distance.<\/p><p>Les experts peuvent acc\u00e9der facilement \u00e0 ViiBE depuis leurs solutions CRM, FSM, GMAO, EAM, etc. sans changer leurs habitudes d'utilisation. Gr\u00e2ce \u00e0 cette int\u00e9gration transparente, toutes les donn\u00e9es g\u00e9n\u00e9r\u00e9es sont stock\u00e9es \u00e0 l'int\u00e9rieur des tickets\/ordres de travail\/cas, ce qui facilite la collaboration entre les membres de l'\u00e9quipe, entre le terrain et le bureau.<\/p>\t\t\t\t\t\t\t\t<\/div>\n\t\t\t\t<\/div>\n\t\t\t\t<\/div>\n\t\t\t\t\t<\/div>\n\t\t\t\t<\/div>\n\t\t<div class=\"elementor-element elementor-element-59c8f61 e-flex e-con-boxed e-con e-parent\" data-id=\"59c8f61\" data-element_type=\"container\" data-e-type=\"container\" data-settings=\"{&quot;background_background&quot;:&quot;classic&quot;}\">\n\t\t\t\t\t<div class=\"e-con-inner\">\n\t\t<div class=\"elementor-element elementor-element-c1630e6 e-con-full e-flex e-con e-child\" data-id=\"c1630e6\" data-element_type=\"container\" data-e-type=\"container\">\n\t\t\t\t<div class=\"elementor-element elementor-element-6572598 elementor-widget elementor-widget-heading\" data-id=\"6572598\" data-element_type=\"widget\" data-e-type=\"widget\" data-widget_type=\"heading.default\">\n\t\t\t\t<div class=\"elementor-widget-container\">\n\t\t\t\t\t<h2 class=\"elementor-heading-title elementor-size-default\">L'acquisition de ViiBE par Praxedo.<\/h2>\t\t\t\t<\/div>\n\t\t\t\t<\/div>\n\t\t\t\t<div class=\"elementor-element elementor-element-aa7f413 elementor-widget elementor-widget-heading\" data-id=\"aa7f413\" data-element_type=\"widget\" data-e-type=\"widget\" data-widget_type=\"heading.default\">\n\t\t\t\t<div class=\"elementor-widget-container\">\n\t\t\t\t\t<span class=\"elementor-heading-title elementor-size-default\">Depuis avril 2023, ViiBE a \u00e9t\u00e9 acquise par Praxedo, un leader fran\u00e7ais des solutions de gestion d'interventions terrain, reconnu par le Magic Quadrant de Gartner.<\/span>\t\t\t\t<\/div>\n\t\t\t\t<\/div>\n\t\t\t\t<div class=\"elementor-element elementor-element-3703a1e elementor-widget elementor-widget-text-editor\" data-id=\"3703a1e\" data-element_type=\"widget\" data-e-type=\"widget\" data-widget_type=\"text-editor.default\">\n\t\t\t\t<div class=\"elementor-widget-container\">\n\t\t\t\t\t\t\t\t\t<p>L'int\u00e9gration transparente de la technologie de pointe de ViiBE avec la solution robuste de gestion d'interventions de Praxedo pr\u00e9sente une synergie id\u00e9ale, permettant aux techniciens terrain de rechercher rapidement une assistance \u00e0 distance et en temps r\u00e9el aupr\u00e8s des experts de leur centre de services, facilitant ainsi la r\u00e9solution des probl\u00e8mes sur place.<\/p><p>Cette impl\u00e9mentation de la technologie ViiBE apporte une multitude d'avantages pour \nles utilisateurs, notamment la capacit\u00e9 d'am\u00e9liorer une mesure essentielle dans la \ngestion d'interventions terrain : le taux de r\u00e9solution au premier appel.<\/p><p>En tant que partie int\u00e9grante de la suite de produits Praxedo, ViiBE s'engage \u00e0 faire \nprogresser ses capacit\u00e9s autonomes tout en travaillant avec un large \u00e9ventail de secteurs d'activit\u00e9s.<\/p>\t\t\t\t\t\t\t\t<\/div>\n\t\t\t\t<\/div>\n\t\t\t\t<\/div>\n\t\t<div class=\"elementor-element elementor-element-a97e08c e-con-full shade e-flex e-con e-child\" data-id=\"a97e08c\" data-element_type=\"container\" data-e-type=\"container\" data-settings=\"{&quot;background_background&quot;:&quot;classic&quot;}\">\n\t\t\t\t<div class=\"elementor-element elementor-element-6f49322 elementor-widget elementor-widget-spacer\" data-id=\"6f49322\" data-element_type=\"widget\" data-e-type=\"widget\" data-widget_type=\"spacer.default\">\n\t\t\t\t<div class=\"elementor-widget-container\">\n\t\t\t\t\t\t\t<div class=\"elementor-spacer\">\n\t\t\t<div class=\"elementor-spacer-inner\"><\/div>\n\t\t<\/div>\n\t\t\t\t\t\t<\/div>\n\t\t\t\t<\/div>\n\t\t\t\t<\/div>\n\t\t\t\t\t<\/div>\n\t\t\t\t<\/div>\n\t\t<div class=\"elementor-element elementor-element-9c55947 e-flex e-con-boxed e-con e-parent\" data-id=\"9c55947\" data-element_type=\"container\" data-e-type=\"container\" data-settings=\"{&quot;background_background&quot;:&quot;classic&quot;}\">\n\t\t\t\t\t<div class=\"e-con-inner\">\n\t\t<div class=\"elementor-element elementor-element-4d6e9f5 e-flex e-con-boxed e-con e-child\" data-id=\"4d6e9f5\" data-element_type=\"container\" data-e-type=\"container\" data-settings=\"{&quot;background_background&quot;:&quot;classic&quot;}\">\n\t\t\t\t\t<div class=\"e-con-inner\">\n\t\t<div class=\"elementor-element elementor-element-c521422 e-con-full e-flex e-con e-child\" data-id=\"c521422\" data-element_type=\"container\" data-e-type=\"container\">\n\t\t\t\t<div class=\"elementor-element elementor-element-ce3dc28 elementor-widget elementor-widget-heading\" data-id=\"ce3dc28\" data-element_type=\"widget\" data-e-type=\"widget\" data-widget_type=\"heading.default\">\n\t\t\t\t<div class=\"elementor-widget-container\">\n\t\t\t\t\t<h2 class=\"elementor-heading-title elementor-size-default\">Pr\u00eat \u00e0 mettre en place la visio-assistance pour votre gestion d'interventions ?<\/h2>\t\t\t\t<\/div>\n\t\t\t\t<\/div>\n\t\t\t\t<div class=\"elementor-element elementor-element-bc19016 elementor-widget elementor-widget-text-editor\" data-id=\"bc19016\" data-element_type=\"widget\" data-e-type=\"widget\" data-widget_type=\"text-editor.default\">\n\t\t\t\t<div class=\"elementor-widget-container\">\n\t\t\t\t\t\t\t\t\t<p>Contactez d\u00e8s maintenant notre \u00e9quipe pour une d\u00e9monstration compl\u00e8te de notre solution.<\/p>\t\t\t\t\t\t\t\t<\/div>\n\t\t\t\t<\/div>\n\t\t\t\t<div class=\"elementor-element elementor-element-35f1b28 elementor-align-left elementor-mobile-align-justify elementor-widget elementor-widget-global elementor-global-13771 elementor-widget-button\" data-id=\"35f1b28\" data-element_type=\"widget\" data-e-type=\"widget\" data-widget_type=\"button.default\">\n\t\t\t\t<div class=\"elementor-widget-container\">\n\t\t\t\t\t\t\t\t\t<div class=\"elementor-button-wrapper\">\n\t\t\t\t\t<a class=\"elementor-button elementor-button-link elementor-size-sm\" href=\"https:\/\/viibe.co\/fr\/demander-une-demo\/\">\n\t\t\t\t\t\t<span class=\"elementor-button-content-wrapper\">\n\t\t\t\t\t\t\t\t\t<span class=\"elementor-button-text\">Demandez une d\u00e9mo<\/span>\n\t\t\t\t\t<\/span>\n\t\t\t\t\t<\/a>\n\t\t\t\t<\/div>\n\t\t\t\t\t\t\t\t<\/div>\n\t\t\t\t<\/div>\n\t\t\t\t<\/div>\n\t\t<div class=\"elementor-element elementor-element-2a1a4b4 e-flex e-con-boxed e-con e-child\" data-id=\"2a1a4b4\" data-element_type=\"container\" data-e-type=\"container\">\n\t\t\t\t\t<div class=\"e-con-inner\">\n\t\t\t\t<div class=\"elementor-element elementor-element-51fe069 elementor-hidden-mobile elementor-widget elementor-widget-image\" data-id=\"51fe069\" data-element_type=\"widget\" data-e-type=\"widget\" data-widget_type=\"image.default\">\n\t\t\t\t<div class=\"elementor-widget-container\">\n\t\t\t\t\t\t\t\t\t\t\t\t\t\t\t<img decoding=\"async\" width=\"800\" height=\"738\" src=\"https:\/\/viibe.co\/wp-content\/uploads\/2024\/04\/request-a-demo-viibe.png\" class=\"attachment-large size-large wp-image-14313\" alt=\"\" srcset=\"https:\/\/viibe.co\/wp-content\/uploads\/2024\/04\/request-a-demo-viibe.png 1000w, https:\/\/viibe.co\/wp-content\/uploads\/2024\/04\/request-a-demo-viibe-300x277.png 300w, https:\/\/viibe.co\/wp-content\/uploads\/2024\/04\/request-a-demo-viibe-768x709.png 768w\" sizes=\"(max-width: 800px) 100vw, 800px\" \/>\t\t\t\t\t\t\t\t\t\t\t\t\t\t\t<\/div>\n\t\t\t\t<\/div>\n\t\t\t\t\t<\/div>\n\t\t\t\t<\/div>\n\t\t\t\t\t<\/div>\n\t\t\t\t<\/div>\n\t\t\t\t\t<\/div>\n\t\t\t\t<\/div>\n\t\t\t\t<\/div>","protected":false},"excerpt":{"rendered":"<p>What is ViiBE? Traditional means of communication such as phone calls and e-mails are no longer sufficient for troubleshooting. The risk of losing important data and their inability to transfer large attachments may cause companies lots of resources in case when customers need assistance. Speak with an expert Request a demo Trusted by our long-term [&hellip;]<\/p>\n","protected":false},"author":537,"featured_media":0,"parent":0,"menu_order":0,"comment_status":"closed","ping_status":"closed","template":"","meta":{"footnotes":""},"class_list":["post-13808","page","type-page","status-publish","hentry"],"_links":{"self":[{"href":"https:\/\/viibe.co\/fr\/wp-json\/wp\/v2\/pages\/13808","targetHints":{"allow":["GET"]}}],"collection":[{"href":"https:\/\/viibe.co\/fr\/wp-json\/wp\/v2\/pages"}],"about":[{"href":"https:\/\/viibe.co\/fr\/wp-json\/wp\/v2\/types\/page"}],"author":[{"embeddable":true,"href":"https:\/\/viibe.co\/fr\/wp-json\/wp\/v2\/users\/537"}],"replies":[{"embeddable":true,"href":"https:\/\/viibe.co\/fr\/wp-json\/wp\/v2\/comments?post=13808"}],"version-history":[{"count":5,"href":"https:\/\/viibe.co\/fr\/wp-json\/wp\/v2\/pages\/13808\/revisions"}],"predecessor-version":[{"id":16505,"href":"https:\/\/viibe.co\/fr\/wp-json\/wp\/v2\/pages\/13808\/revisions\/16505"}],"wp:attachment":[{"href":"https:\/\/viibe.co\/fr\/wp-json\/wp\/v2\/media?parent=13808"}],"curies":[{"name":"wp","href":"https:\/\/api.w.org\/{rel}","templated":true}]}}